{"id":7260,"date":"2021-01-14T12:45:33","date_gmt":"2021-01-14T12:45:33","guid":{"rendered":"https:\/\/secby.co.il\/boutique\/import-placeholder-for-1879\/"},"modified":"2021-11-23T16:37:41","modified_gmt":"2021-11-23T16:37:41","slug":"%d7%9e%d7%a2%d7%a8%d7%9b%d7%aa-%d7%94%d7%a7%d7%9c%d7%98%d7%94-nvr-%d7%9c-8-%d7%9e%d7%a6%d7%9c%d7%9e%d7%95%d7%aanvr8-8200fa","status":"publish","type":"product","link":"https:\/\/secby.co.il\/fr\/\u05d7\u05e0\u05d5\u05ea\/%d7%9e%d7%a2%d7%a8%d7%9b%d7%aa-%d7%94%d7%a7%d7%9c%d7%98%d7%94-nvr-%d7%9c-8-%d7%9e%d7%a6%d7%9c%d7%9e%d7%95%d7%aanvr8-8200fa\/","title":{"rendered":"\u05de\u05e2\u05e8\u05db\u05ea \u05d4\u05e7\u05dc\u05d8\u05d4 NVR \u05dc -8 \u05de\u05e6\u05dc\u05de\u05d5\u05ea <br \/><p style=\"font-size:12px\">NVR8-8200FA<\/p>"},"content":{"rendered":"<div class=\"fusion-fullwidth fullwidth-box fusion-builder-row-1 fusion-flex-container nonhundred-percent-fullwidth non-hundred-percent-height-scrolling\" style=\"background-color: rgba(255,255,255,0);background-position: center center;background-repeat: no-repeat;border-width: 0px 0px 0px 0px;border-color:#e2e2e2;border-style:solid;\" ><div class=\"fusion-builder-row fusion-row fusion-flex-align-items-center fusion-flex-justify-content-center\" style=\"max-width:1248px;margin-left: calc(-4% \/ 2 );margin-right: calc(-4% \/ 2 );\"><div class=\"fusion-layout-column fusion_builder_column fusion-builder-column-0 fusion-flex-column fusion-flex-align-self-flex-start analyses\"><div class=\"fusion-column-wrapper fusion-flex-justify-content-flex-start fusion-content-layout-column fusion-content-no-wrap\" style=\"background-position:left top;background-repeat:no-repeat;-webkit-background-size:cover;-moz-background-size:cover;-o-background-size:cover;background-size:cover;padding: 0px 0px 0px 0px;\"><i class=\"fb-icon-element-1 fb-icon-element fontawesome-icon fa-code-branch fas circle-yes fusion-text-flow\" style=\"font-size:15.84px;line-height:29.68px;height:31.68px;width:31.68px;border-width:1px;margin-right:9px;\"><\/i><style>i.fb-icon-element.fontawesome-icon.fb-icon-element-1{ color: #ffffff; background-color: #4a4e57; border-color: #4a4e57;}i.fb-icon-element.fontawesome-icon.fb-icon-element-1:hover { color: #ffffff; background-color: #4a4e57; border-color: #4a4e57;}<\/style><div class=\"fusion-text fusion-text-1\" style=\"transform:translate3d(0,0,0);\"><p><strong style=\"font-size: 20px;\">Analytics<\/strong><\/p>\n<div style=\"display: block; margin: auto; text-align: center;\"><img class=\"aligncenter size-full wp-image-6229 basic\" src=\"https:\/\/secby.co.il\/wp-content\/uploads\/2020\/12\/detection_facial_FR.jpg\" alt=\"\" width=\"120\" height=\"170\" \/> <img class=\"aligncenter size-full wp-image-6173 basic\" src=\"https:\/\/secby.co.il\/wp-content\/uploads\/2020\/12\/campanita-deteccion-de-mov-FR.jpg\" alt=\"\" width=\"120\" height=\"170\" \/> <img class=\"aligncenter size-full wp-image-6180 basic\" src=\"https:\/\/secby.co.il\/wp-content\/uploads\/2020\/12\/zone-estirle-FR.jpg\" alt=\"\" width=\"120\" height=\"170\" \/> <img class=\"aligncenter size-full wp-image-6179 basic\" src=\"https:\/\/secby.co.il\/wp-content\/uploads\/2020\/12\/traverse-de-zona-FR.jpg\" alt=\"\" width=\"120\" height=\"170\" \/> <img class=\"aligncenter size-full wp-image-6175 basic\" src=\"https:\/\/secby.co.il\/wp-content\/uploads\/2020\/12\/suivi-des-objets.jpg\" alt=\"\" width=\"120\" height=\"170\" \/><\/div>\n<p><strong><a id=\"cambio3\" style=\"color: #255177;\" href=\"https:\/\/secby.co.il\/fr\/information\/\" target=\"_blank\" rel=\"noopener noreferrer\"><u>Voir Plus<\/u><\/a><\/strong><\/p>\n<\/div><\/div><\/div><style type=\"text\/css\">.fusion-body .fusion-builder-column-0{width:45% !important;margin-top : 0px;margin-bottom : 20px;}.fusion-builder-column-0 > .fusion-column-wrapper {padding-top : 0px !important;padding-right : 0px !important;margin-right : 0%;padding-bottom : 0px !important;padding-left : 0px !important;margin-left : 4.2666666666667%;}@media only screen and (max-width:1024px) {.fusion-body .fusion-builder-column-0{width:45% !important;}.fusion-builder-column-0 > .fusion-column-wrapper {margin-right : 0%;margin-left : 4.2666666666667%;}}@media only screen and (max-width:640px) {.fusion-body .fusion-builder-column-0{width:100% !important;}.fusion-builder-column-0 > .fusion-column-wrapper {margin-right : 1.92%;margin-left : 1.92%;}}<\/style><div class=\"fusion-layout-column fusion_builder_column fusion-builder-column-1 fusion-flex-column fusion-flex-align-self-flex-start caracteris\"><div class=\"fusion-column-wrapper fusion-flex-justify-content-flex-start fusion-content-layout-column fusion-content-no-wrap\" style=\"background-position:left top;background-repeat:no-repeat;-webkit-background-size:cover;-moz-background-size:cover;-o-background-size:cover;background-size:cover;padding: 0px 0px 0px 0px;\"><i class=\"fb-icon-element-2 fb-icon-element fontawesome-icon fa-tools fas circle-yes fusion-text-flow\" style=\"font-size:15.84px;line-height:29.68px;height:31.68px;width:31.68px;border-width:1px;margin-right:9px;\"><\/i><style>i.fb-icon-element.fontawesome-icon.fb-icon-element-2{ color: #ffffff; background-color: #4a4e57; border-color: #4a4e57;}i.fb-icon-element.fontawesome-icon.fb-icon-element-2:hover { color: #ffffff; background-color: #4a4e57; border-color: #4a4e57;}<\/style><div class=\"fusion-text fusion-text-2\" style=\"transform:translate3d(0,0,0);\"><p><strong style=\"font-size: 20px;\">Caract\u00e9ristiques<\/strong><\/p>\n<div style=\"margin-left: 5%; margin-right: 5%;\">\n<ul>\n<li>Format: H.265 \/ H.264<\/li>\n<li>Ports d'ecran: 4K HDMI \/ VGA<\/li>\n<li>Entr\u00e9es USB: 1 + 1 3.0USB<\/li>\n<li>Entr\u00e9es audio: En fonction du mod\u00e8le de cam\u00e9ra install\u00e9 + 1 CH<\/li>\n<li>Sortie audio: En fonction du mod\u00e8le de cam\u00e9ra install\u00e9 + 1 CH<\/li>\n<li>Disque: 1<\/li>\n<li>Capacit\u00e9 maximum: 8T<\/li>\n<li>Contact sec: En fonction du mod\u00e8le de cam\u00e9ra install\u00e9<\/li>\n<\/ul>\n<\/div>\n<\/div><\/div><\/div><style type=\"text\/css\">.fusion-body .fusion-builder-column-1{width:45% !important;margin-top : 0px;margin-bottom : 20px;}.fusion-builder-column-1 > .fusion-column-wrapper {padding-top : 0px !important;padding-right : 0px !important;margin-right : 4.2666666666667%;padding-bottom : 0px !important;padding-left : 0px !important;margin-left : 0%;}@media only screen and (max-width:1024px) {.fusion-body .fusion-builder-column-1{width:45% !important;}.fusion-builder-column-1 > .fusion-column-wrapper {margin-right : 4.2666666666667%;margin-left : 0%;}}@media only screen and (max-width:640px) {.fusion-body .fusion-builder-column-1{width:100% !important;}.fusion-builder-column-1 > .fusion-column-wrapper {margin-right : 1.92%;margin-left : 1.92%;}}<\/style><div class=\"fusion-layout-column fusion_builder_column fusion-builder-column-2 fusion_builder_column_1_1 1_1 fusion-flex-column\"><div class=\"fusion-column-wrapper fusion-flex-justify-content-flex-start fusion-content-layout-column\" style=\"background-position:left top;background-repeat:no-repeat;-webkit-background-size:cover;-moz-background-size:cover;-o-background-size:cover;background-size:cover;padding: 0px 0px 0px 0px;\"><\/div><\/div><style type=\"text\/css\">.fusion-body .fusion-builder-column-2{width:100% !important;margin-top : 0px;margin-bottom : 0px;}.fusion-builder-column-2 > .fusion-column-wrapper {padding-top : 0px !important;padding-right : 0px !important;margin-right : 1.92%;padding-bottom : 0px !important;padding-left : 0px !important;margin-left : 1.92%;}@media only screen and (max-width:1024px) {.fusion-body .fusion-builder-column-2{width:100% !important;}.fusion-builder-column-2 > .fusion-column-wrapper {margin-right : 1.92%;margin-left : 1.92%;}}@media only screen and (max-width:640px) {.fusion-body .fusion-builder-column-2{width:100% !important;}.fusion-builder-column-2 > .fusion-column-wrapper {margin-right : 1.92%;margin-left : 1.92%;}}<\/style><\/div><style type=\"text\/css\">.fusion-body .fusion-flex-container.fusion-builder-row-1{ padding-top : 30px;margin-top : 0px;padding-right : 0px;padding-bottom : 0px;margin-bottom : 0px;padding-left : 0px;}<\/style><\/div>","protected":false},"excerpt":{"rendered":"<ul>\n<li>Canaux: 8<\/li>\n<li>D\u00e9finition: Jusqu'\u00e0 8MP<\/li>\n<li>Frame rate: 400fps<\/li>\n<li>Disque dur: 1T<\/li>\n<\/ul>","protected":false},"featured_media":1911,"template":"","meta":[],"product_cat":[83],"product_tag":[],"_links":{"self":[{"href":"https:\/\/secby.co.il\/fr\/wp-json\/wp\/v2\/product\/7260"}],"collection":[{"href":"https:\/\/secby.co.il\/fr\/wp-json\/wp\/v2\/product"}],"about":[{"href":"https:\/\/secby.co.il\/fr\/wp-json\/wp\/v2\/types\/product"}],"wp:featuredmedia":[{"embeddable":true,"href":"https:\/\/secby.co.il\/fr\/wp-json\/wp\/v2\/media\/1911"}],"wp:attachment":[{"href":"https:\/\/secby.co.il\/fr\/wp-json\/wp\/v2\/media?parent=7260"}],"wp:term":[{"taxonomy":"product_cat","embeddable":true,"href":"https:\/\/secby.co.il\/fr\/wp-json\/wp\/v2\/product_cat?post=7260"},{"taxonomy":"product_tag","embeddable":true,"href":"https:\/\/secby.co.il\/fr\/wp-json\/wp\/v2\/product_tag?post=7260"}],"curies":[{"name":"wp","href":"https:\/\/api.w.org\/{rel}","templated":true}]}}