{"id":7298,"date":"2021-01-14T15:46:54","date_gmt":"2021-01-14T15:46:54","guid":{"rendered":"https:\/\/secby.co.il\/boutique\/import-placeholder-for-4618\/"},"modified":"2021-05-25T13:22:11","modified_gmt":"2021-05-25T13:22:11","slug":"%d7%9e%d7%a6%d7%9c%d7%9e%d7%aa-%d7%90%d7%91%d7%98%d7%97%d7%94-%d7%97%d7%99%d7%a6%d7%95%d7%a0%d7%99%d7%aa-ipi3-380ip04","status":"publish","type":"product","link":"https:\/\/secby.co.il\/fr\/\u05d7\u05e0\u05d5\u05ea\/%d7%9e%d7%a6%d7%9c%d7%9e%d7%aa-%d7%90%d7%91%d7%98%d7%97%d7%94-%d7%97%d7%99%d7%a6%d7%95%d7%a0%d7%99%d7%aa-ipi3-380ip04\/","title":{"rendered":"\u05de\u05e6\u05dc\u05de\u05ea \u05d0\u05d1\u05d8\u05d7\u05d4 \u05d7\u05d9\u05e6\u05d5\u05e0\u05d9\u05ea IP <br \/><p style=\"font-size:12px\">I3-380IP04<\/p>"},"content":{"rendered":"<div class=\"fusion-fullwidth fullwidth-box fusion-builder-row-1 fusion-flex-container nonhundred-percent-fullwidth non-hundred-percent-height-scrolling\" style=\"background-color: rgba(255,255,255,0);background-position: center center;background-repeat: no-repeat;border-width: 0px 0px 0px 0px;border-color:#e2e2e2;border-style:solid;\" ><div class=\"fusion-builder-row fusion-row fusion-flex-align-items-center fusion-flex-justify-content-center description_ip\" style=\"max-width:1248px;margin-left: calc(-4% \/ 2 );margin-right: calc(-4% \/ 2 );\">\n<div class=\"fusion-layout-column fusion_builder_column fusion-builder-column-0 fusion-flex-column fusion-flex-align-self-flex-start caracteris\"><div class=\"fusion-column-wrapper fusion-flex-justify-content-flex-start fusion-content-layout-column fusion-content-no-wrap\" style=\"background-position:left top;background-repeat:no-repeat;-webkit-background-size:cover;-moz-background-size:cover;-o-background-size:cover;background-size:cover;padding: 0px 0px 0px 0px;\">\n<i class=\"fb-icon-element-1 fb-icon-element fontawesome-icon fa-tools fas circle-yes fusion-text-flow\" style=\"font-size:15.84px;line-height:29.68px;height:31.68px;width:31.68px;border-width:1px;margin-right:9px;\"><\/i><style>i.fb-icon-element.fontawesome-icon.fb-icon-element-1{ color: #ffffff; background-color: #4a4e57; border-color: #4a4e57;}i.fb-icon-element.fontawesome-icon.fb-icon-element-1:hover { color: #ffffff; background-color: #4a4e57; border-color: #4a4e57;}<\/style><strong style=\"font-size: 20px;\">Caract\u00e9ristiques<\/strong><\/p>\n<div style=\"margin-left: 5%;margin-right: 5%;\">\n<li>DWDR<\/li>\n<li><span>Tension de fonctionnement: <\/span>12DC \/ PoE<\/li>\n<li><span>Bo\u00eete Booster: <\/span>PR-B47JB2<\/li>\n<li>IP66: Protection compl\u00e8te contre la poussi\u00e8re. R\u00e9siste \u00e0 la pluie, aux \u00e9claboussures et aux puissants jets d'eau pendant 3 minutes<\/li>\n<div style=\"display:block;margin: auto;text-align: center;margin-top:15px;margin-left: -5%;margin-right: -5%;\">\n<imglens>   <img src=\"https:\/\/secby.co.il\/wp-content\/uploads\/2020\/12\/resistencia_agua_FR.jpg\" alt=\"\" width=\"250\" height=\"300\" class=\"aligncenter size-full wp-image-6199 basic\" srcset=\"https:\/\/secby.co.il\/wp-content\/uploads\/2020\/12\/resistencia_agua_FR-10x12.jpg 10w, https:\/\/secby.co.il\/wp-content\/uploads\/2020\/12\/resistencia_agua_FR-64x77.jpg 64w, https:\/\/secby.co.il\/wp-content\/uploads\/2020\/12\/resistencia_agua_FR-200x240.jpg 200w, https:\/\/secby.co.il\/wp-content\/uploads\/2020\/12\/resistencia_agua_FR.jpg 250w\" sizes=\"(max-width: 250px) 100vw, 250px\" \/>\n<\/div>\n<p><strong ><a id=\"cambio1\" style=\"color:#255177;\" href=\"https:\/\/secby.co.il\/fr\/information\/\" target=\"_blank\" rel=\"noopener noreferrer\"><u>Voir Plus<\/u><\/a><\/strong><\/p>\n<\/div>\n<\/div><\/div><style type=\"text\/css\">.fusion-body .fusion-builder-column-0{width:45% !important;margin-top : 0px;margin-bottom : 20px;}.fusion-builder-column-0 > .fusion-column-wrapper {padding-top : 0px !important;padding-right : 0px !important;margin-right : 4.2666666666667%;padding-bottom : 0px !important;padding-left : 0px !important;margin-left : 4.2666666666667%;}@media only screen and (max-width:1024px) {.fusion-body .fusion-builder-column-0{width:45% !important;}.fusion-builder-column-0 > .fusion-column-wrapper {margin-right : 4.2666666666667%;margin-left : 4.2666666666667%;}}@media only screen and (max-width:640px) {.fusion-body .fusion-builder-column-0{width:100% !important;}.fusion-builder-column-0 > .fusion-column-wrapper {margin-right : 1.92%;margin-left : 1.92%;}}<\/style>\n<\/div><style type=\"text\/css\">.fusion-body .fusion-flex-container.fusion-builder-row-1{ padding-top : 30px;margin-top : 0px;padding-right : 0px;padding-bottom : 0px;margin-bottom : 0px;padding-left : 0px;}<\/style><\/div>\n<div class=\"fusion-fullwidth fullwidth-box fusion-builder-row-2 estirar hundred-percent-fullwidth non-hundred-percent-height-scrolling\" style=\"background-color: rgba(255,255,255,0);background-position: center center;background-repeat: no-repeat;padding-top:0px;padding-right:0px;padding-bottom:0px;padding-left:0px;margin-bottom: 0px;margin-top: 0px;border-width: 0px 0px 0px 0px;border-color:#e2e2e2;border-style:solid;\" ><div class=\"fusion-builder-row fusion-row\">\n<div class=\"fusion-layout-column fusion_builder_column fusion-builder-column-1 fusion_builder_column_2_5 2_5 fusion-two-fifth fusion-column-first fusion-no-small-visibility fusion-no-medium-visibility\" style=\"width:40%;width:calc(40% - ( ( 1% ) * 0.4 ) );margin-right: 1%;margin-top:0px;margin-bottom:20px;\"><div class=\"fusion-column-wrapper fusion-flex-column-wrapper-legacy\" style=\"background-position:left top;background-repeat:no-repeat;-webkit-background-size:cover;-moz-background-size:cover;-o-background-size:cover;background-size:cover;padding: 0px 0px 0px 0px;\"><div class=\"fusion-clearfix\"><\/div><\/div><\/div>\n<div class=\"fusion-layout-column fusion_builder_column fusion-builder-column-2 fusion_builder_column_3_5 3_5 fusion-three-fifth fusion-column-last\" style=\"width:60%;width:calc(60% - ( ( 1% ) * 0.6 ) );margin-top:0px;margin-bottom:0px;\"><div class=\"fusion-column-wrapper fusion-flex-column-wrapper-legacy\" style=\"background-position:left top;background-repeat:no-repeat;-webkit-background-size:cover;-moz-background-size:cover;-o-background-size:cover;background-size:cover;padding: 0px 0px 0px 0px;\"><div class=\"fusion-column-content-centered\"><div class=\"fusion-column-content\">\n<div class=\"fusion-text fusion-text-1 move-m\" style=\"transform:translate3d(0,0,0);\"><p class=\"cambio-txt\" style=\"color: white; font-size: 50px; line-height: normal;\"><a id=\"israel_phone_number\" href=\"tel:049894804\">04-9894804 <i class=\"fb-icon-element-2 fb-icon-element fontawesome-icon fa-phone fas circle-no fusion-text-flow\" style=\"font-size:32px;margin-right:16px;\"><\/i><style>i.fb-icon-element.fontawesome-icon.fb-icon-element-2{ color: #ffffff;}i.fb-icon-element.fontawesome-icon.fb-icon-element-2:hover { color: #ffffff;}<\/style><\/a><\/p>\n<\/div><\/div><\/div><div class=\"fusion-clearfix\"><\/div><\/div><\/div><\/div>\n<\/div>","protected":false},"excerpt":{"rendered":"<ul>\n<li><span>Definition: <\/span>1.3MP<\/li>\n<li><span>Type d'objectif: <\/span>Objectif fixe<\/li>\n<li><span>Objectif: <\/span>3.6mm<\/li>\n<li><span>Gamme d\u2019\u00e9clairage: <\/span>30M<\/li>\n<\/ul>","protected":false},"featured_media":3806,"template":"","meta":[],"product_cat":[90],"product_tag":[],"_links":{"self":[{"href":"https:\/\/secby.co.il\/fr\/wp-json\/wp\/v2\/product\/7298"}],"collection":[{"href":"https:\/\/secby.co.il\/fr\/wp-json\/wp\/v2\/product"}],"about":[{"href":"https:\/\/secby.co.il\/fr\/wp-json\/wp\/v2\/types\/product"}],"wp:featuredmedia":[{"embeddable":true,"href":"https:\/\/secby.co.il\/fr\/wp-json\/wp\/v2\/media\/3806"}],"wp:attachment":[{"href":"https:\/\/secby.co.il\/fr\/wp-json\/wp\/v2\/media?parent=7298"}],"wp:term":[{"taxonomy":"product_cat","embeddable":true,"href":"https:\/\/secby.co.il\/fr\/wp-json\/wp\/v2\/product_cat?post=7298"},{"taxonomy":"product_tag","embeddable":true,"href":"https:\/\/secby.co.il\/fr\/wp-json\/wp\/v2\/product_tag?post=7298"}],"curies":[{"name":"wp","href":"https:\/\/api.w.org\/{rel}","templated":true}]}}