{"id":7346,"date":"2021-01-14T16:30:25","date_gmt":"2021-01-14T16:30:25","guid":{"rendered":"https:\/\/secby.co.il\/boutique\/import-placeholder-for-1891\/"},"modified":"2021-05-25T13:22:14","modified_gmt":"2021-05-25T13:22:14","slug":"%d7%9e%d7%a2%d7%a8%d7%9b%d7%aa-%d7%94%d7%a7%d7%9c%d7%aa%d7%94-dvr-%d7%a2%d7%9d-9-%d7%a2%d7%a8%d7%95%d7%a6%d7%99%d7%9d-8-%d7%a2%d7%a8%d7%95%d7%a6%d7%99%d7%9d-bnc-%d7%95%d7%a2%d7%a8%d7%95%d7%a5-ipsh-81","status":"publish","type":"product","link":"https:\/\/secby.co.il\/fr\/\u05d7\u05e0\u05d5\u05ea\/%d7%9e%d7%a2%d7%a8%d7%9b%d7%aa-%d7%94%d7%a7%d7%9c%d7%aa%d7%94-dvr-%d7%a2%d7%9d-9-%d7%a2%d7%a8%d7%95%d7%a6%d7%99%d7%9d-8-%d7%a2%d7%a8%d7%95%d7%a6%d7%99%d7%9d-bnc-%d7%95%d7%a2%d7%a8%d7%95%d7%a5-ipsh-81\/","title":{"rendered":"\u05de\u05e2\u05e8\u05db\u05ea \u05d4\u05e7\u05dc\u05ea\u05d4 DVR \u05e2\u05dd 9 \u05e2\u05e8\u05d5\u05e6\u05d9\u05dd: 8 \u05e2\u05e8\u05d5\u05e6\u05d9\u05dd BNC \u05d5\u05e2\u05e8\u05d5\u05e5 IP <br \/><p style=\"font-size:12px\">SH-8100A-2L (MM)<\/p>"},"content":{"rendered":"<div class=\"fusion-layout-column fusion_builder_column fusion-builder-column-0 fusion_builder_column_1_1 1_1 fusion-one-full fusion-column-first fusion-column-last caracteris\" style=\"width:100%;margin-top:0px;margin-bottom:20px;\"><div class=\"fusion-column-wrapper fusion-flex-column-wrapper-legacy\" style=\"background-position:left top;background-repeat:no-repeat;-webkit-background-size:cover;-moz-background-size:cover;-o-background-size:cover;background-size:cover;padding: 30px 0px 0px 0px;\"><\/p>\n<div class=\"fusion-text fusion-text-1\" style=\"transform:translate3d(0,0,0);\"><p><i class=\"fb-icon-element-1 fb-icon-element fontawesome-icon fa-tools fas circle-yes fusion-text-flow\" style=\"font-size:15.84px;line-height:29.68px;height:31.68px;width:31.68px;border-width:1px;margin-right:9px;\"><\/i><style>i.fb-icon-element.fontawesome-icon.fb-icon-element-1{ color: #ffffff; background-color: #4a4e57; border-color: #4a4e57;}i.fb-icon-element.fontawesome-icon.fb-icon-element-1:hover { color: #ffffff; background-color: #4a4e57; border-color: #4a4e57;}<\/style><strong style=\"font-size: 20px;\">Caract\u00e9ristiques<\/strong><\/p>\n<li><span>Mod\u00e8le: <\/span>SH-8100A-2L (MM)<\/li>\n<li><span>Format: <\/span>H.264<\/li>\n<li><span>Ports d'ecran: <\/span>HDMI \/ VGA<\/li>\n<li><span>Entr\u00e9es USB: <\/span>2<\/li>\n<li><span>Support des formats: <\/span>CVBS \/ TVI \/ CVI \/ AHD \/ IP<\/li>\n<li><span>Tension de fonctionnement: <\/span>12V<\/li>\n<li><span>Audio: <\/span>1\/1<\/li>\n<li><span>Bandwidth: <\/span>36Mbps \/ 4Mbps<\/li>\n<li><span>Disque: <\/span>1<\/li>\n<li><span>Capacit\u00e9 maximum: <\/span>8T<\/li>\n<li><span>Contact sec: <\/span>En fonction du mod\u00e8le de cam\u00e9ra install\u00e9<\/li>\n<p><strong ><a id=\"cambio4\" style=\"color:#255177;\" href=\"https:\/\/secby.co.il\/fr\/information\/\" target=\"_blank\" rel=\"noopener noreferrer\"><u>Voir Plus<\/u><\/a><\/strong><\/p>\n<\/div>\n<p><div class=\"fusion-clearfix\"><\/div><\/div><\/div>\n<div class=\"fusion-fullwidth fullwidth-box fusion-builder-row-1 estirar hundred-percent-fullwidth non-hundred-percent-height-scrolling\" style=\"background-color: rgba(255,255,255,0);background-position: center center;background-repeat: no-repeat;padding-top:0px;padding-right:0px;padding-bottom:0px;padding-left:0px;margin-bottom: 0px;margin-top: 0px;border-width: 0px 0px 0px 0px;border-color:#e2e2e2;border-style:solid;\" ><div class=\"fusion-builder-row fusion-row\">\n<div class=\"fusion-layout-column fusion_builder_column fusion-builder-column-1 fusion_builder_column_2_5 2_5 fusion-two-fifth fusion-column-first fusion-no-small-visibility fusion-no-medium-visibility\" style=\"width:40%;width:calc(40% - ( ( 1% ) * 0.4 ) );margin-right: 1%;margin-top:0px;margin-bottom:20px;\"><div class=\"fusion-column-wrapper fusion-flex-column-wrapper-legacy\" style=\"background-position:left top;background-repeat:no-repeat;-webkit-background-size:cover;-moz-background-size:cover;-o-background-size:cover;background-size:cover;padding: 0px 0px 0px 0px;\"><div class=\"fusion-clearfix\"><\/div><\/div><\/div>\n<div class=\"fusion-layout-column fusion_builder_column fusion-builder-column-2 fusion_builder_column_3_5 3_5 fusion-three-fifth fusion-column-last\" style=\"width:60%;width:calc(60% - ( ( 1% ) * 0.6 ) );margin-top:0px;margin-bottom:0px;\"><div class=\"fusion-column-wrapper fusion-flex-column-wrapper-legacy\" style=\"background-position:left top;background-repeat:no-repeat;-webkit-background-size:cover;-moz-background-size:cover;-o-background-size:cover;background-size:cover;padding: 0px 0px 0px 0px;\"><div class=\"fusion-column-content-centered\"><div class=\"fusion-column-content\">\n<div class=\"fusion-text fusion-text-2 move-m\" style=\"transform:translate3d(0,0,0);\"><p class=\"cambio-txt\" style=\"color: white; font-size: 50px; line-height: normal;\"><a id=\"israel_phone_number\" href=\"tel:049894804\">04-9894804 <i class=\"fb-icon-element-2 fb-icon-element fontawesome-icon fa-phone fas circle-no fusion-text-flow\" style=\"font-size:32px;margin-right:16px;\"><\/i><style>i.fb-icon-element.fontawesome-icon.fb-icon-element-2{ color: #ffffff;}i.fb-icon-element.fontawesome-icon.fb-icon-element-2:hover { color: #ffffff;}<\/style><\/a><\/p>\n<\/div><\/div><\/div><div class=\"fusion-clearfix\"><\/div><\/div><\/div><\/div>\n<\/div>","protected":false},"excerpt":{"rendered":"<ul>\n<li><span>Canaux: <\/span>9<\/li>\n<li><span>D\u00e9finition: <\/span>2MP<\/li>\n<li><span>D\u00e9finition maximale: <\/span>2MP<\/li>\n<li><span>Frame rate: <\/span>100FPS<\/li>\n<li><span>Disque dur: <\/span>1T<\/li>\n<\/ul>","protected":false},"featured_media":2020,"template":"","meta":[],"product_cat":[82],"product_tag":[],"_links":{"self":[{"href":"https:\/\/secby.co.il\/fr\/wp-json\/wp\/v2\/product\/7346"}],"collection":[{"href":"https:\/\/secby.co.il\/fr\/wp-json\/wp\/v2\/product"}],"about":[{"href":"https:\/\/secby.co.il\/fr\/wp-json\/wp\/v2\/types\/product"}],"wp:featuredmedia":[{"embeddable":true,"href":"https:\/\/secby.co.il\/fr\/wp-json\/wp\/v2\/media\/2020"}],"wp:attachment":[{"href":"https:\/\/secby.co.il\/fr\/wp-json\/wp\/v2\/media?parent=7346"}],"wp:term":[{"taxonomy":"product_cat","embeddable":true,"href":"https:\/\/secby.co.il\/fr\/wp-json\/wp\/v2\/product_cat?post=7346"},{"taxonomy":"product_tag","embeddable":true,"href":"https:\/\/secby.co.il\/fr\/wp-json\/wp\/v2\/product_tag?post=7346"}],"curies":[{"name":"wp","href":"https:\/\/api.w.org\/{rel}","templated":true}]}}