{"id":7370,"date":"2021-01-15T12:56:23","date_gmt":"2021-01-15T12:56:23","guid":{"rendered":"https:\/\/secby.co.il\/boutique\/import-placeholder-for-1975\/"},"modified":"2021-05-25T13:22:14","modified_gmt":"2021-05-25T13:22:14","slug":"%d7%9e%d7%a6%d7%9c%d7%9e%d7%aa-%d7%90%d7%91%d7%98%d7%97%d7%94-%d7%97%d7%99%d7%a6%d7%95%d7%a0%d7%99%d7%aa-%d7%a2%d7%9d-%d7%a8%d7%90%d7%99%d7%99%d7%aa-%d7%9c%d7%99%d7%9c%d7%94-full-colordvl-391as36","status":"publish","type":"product","link":"https:\/\/secby.co.il\/fr\/\u05d7\u05e0\u05d5\u05ea\/%d7%9e%d7%a6%d7%9c%d7%9e%d7%aa-%d7%90%d7%91%d7%98%d7%97%d7%94-%d7%97%d7%99%d7%a6%d7%95%d7%a0%d7%99%d7%aa-%d7%a2%d7%9d-%d7%a8%d7%90%d7%99%d7%99%d7%aa-%d7%9c%d7%99%d7%9c%d7%94-full-colordvl-391as36\/","title":{"rendered":"\u05de\u05e6\u05dc\u05de\u05ea \u05d0\u05d1\u05d8\u05d7\u05d4 \u05d7\u05d9\u05e6\u05d5\u05e0\u05d9\u05ea \u05e2\u05dd \u05e8\u05d0\u05d9\u05d9\u05ea \u05dc\u05d9\u05dc\u05d4 Full Color <br \/><p style=\"font-size:12px\">DVL-391AS36<\/p>"},"content":{"rendered":"<div class=\"fusion-layout-column fusion_builder_column fusion-builder-column-0 fusion_builder_column_1_2 1_2 fusion-one-half fusion-column-first colum-one-AHD\" style=\"width:48%; margin-right: 4%;margin-top:0px;margin-bottom:0px;\"><div class=\"fusion-column-wrapper fusion-flex-column-wrapper-legacy\" style=\"background-position:left top;background-repeat:no-repeat;-webkit-background-size:cover;-moz-background-size:cover;-o-background-size:cover;background-size:cover;padding: 30px 0px 0px 0px;\">\n<i class=\"fb-icon-element-1 fb-icon-element fontawesome-icon fa-magic fas circle-yes fusion-text-flow\" style=\"font-size:15.84px;line-height:29.68px;height:31.68px;width:31.68px;border-width:1px;margin-right:9px;\"><\/i><style>i.fb-icon-element.fontawesome-icon.fb-icon-element-1{ color: #ffffff; background-color: #4a4e57; border-color: #4a4e57;}i.fb-icon-element.fontawesome-icon.fb-icon-element-1:hover { color: #ffffff; background-color: #4a4e57; border-color: #4a4e57;}<\/style><strong style=\"font-size: 20px;\">Properties<\/strong><\/p>\n<div style=\"margin-left: 5%;margin-right: 5%;\">\n<li>WDR<\/li>\n<li><span>Tension de fonctionnement: <\/span>12VDC ~ 420mA<\/li>\n<li><span>Bo\u00eete de connexion: <\/span>PR-B37JB<\/li>\n<li><span>Poids: <\/span>270 g<\/li>\n<li>DIP Swich pour s\u00e9lectionner la technologie souhait\u00e9e. AHD \/ CVBS \/ TVI \/ CVI<\/li><\/div>\n<p><div class=\"fusion-clearfix\"><\/div><\/div><\/div> <div class=\"fusion-layout-column fusion_builder_column fusion-builder-column-1 fusion_builder_column_1_2 1_2 fusion-one-half fusion-column-last resistencia-AHD\" style=\"width:48%;margin-top:0px;margin-bottom:20px;\"><div class=\"fusion-column-wrapper fusion-flex-column-wrapper-legacy\" style=\"background-position:left top;background-repeat:no-repeat;-webkit-background-size:cover;-moz-background-size:cover;-o-background-size:cover;background-size:cover;padding: 30px 0px 0px 0px;\"> <\/p>\n<div style=\"margin-left: 5%;margin-right: 5%;\">\n<li>IP66: Protection compl\u00e8te contre la poussi\u00e8re. R\u00e9siste \u00e0 la pluie, aux \u00e9claboussures et aux puissants jets d'eau pendant 3 minutes<\/li>\n<div style=\"display:block;margin: auto;text-align: center;margin-top:15px;\">\n<img src=\"https:\/\/secby.co.il\/wp-content\/uploads\/2020\/12\/resistencia_agua_FR.jpg\" alt=\"\" width=\"250\" height=\"300\" class=\"aligncenter size-full wp-image-6199 basic\" srcset=\"https:\/\/secby.co.il\/wp-content\/uploads\/2020\/12\/resistencia_agua_FR-10x12.jpg 10w, https:\/\/secby.co.il\/wp-content\/uploads\/2020\/12\/resistencia_agua_FR-64x77.jpg 64w, https:\/\/secby.co.il\/wp-content\/uploads\/2020\/12\/resistencia_agua_FR-200x240.jpg 200w, https:\/\/secby.co.il\/wp-content\/uploads\/2020\/12\/resistencia_agua_FR.jpg 250w\" sizes=\"(max-width: 250px) 100vw, 250px\" \/>\n<\/div>\n<p><strong ><a id=\"cambio1\" style=\"color:#255177;\" href=\"https:\/\/secby.co.il\/fr\/information\/\" target=\"_blank\" rel=\"noopener noreferrer\"><u>Voir Plus<\/u><\/a><\/strong><\/p>\n<\/div>\n<p><div class=\"fusion-clearfix\"><\/div><\/div><\/div><\/p>\n<div class=\"fusion-sep-clear\"><\/div><div class=\"fusion-separator fusion-full-width-sep\" style=\"margin-left: auto;margin-right: auto;width:100%;\"><\/div><div class=\"fusion-sep-clear\"><\/div>\n<div class=\"fusion-fullwidth fullwidth-box fusion-builder-row-1 estirar hundred-percent-fullwidth non-hundred-percent-height-scrolling\" style=\"background-color: rgba(255,255,255,0);background-position: center center;background-repeat: no-repeat;padding-top:0px;padding-right:0px;padding-bottom:0px;padding-left:0px;margin-bottom: 0px;margin-top: 0px;border-width: 0px 0px 0px 0px;border-color:#e2e2e2;border-style:solid;\" ><div class=\"fusion-builder-row fusion-row\">\n<div class=\"fusion-layout-column fusion_builder_column fusion-builder-column-2 fusion_builder_column_2_5 2_5 fusion-two-fifth fusion-column-first fusion-no-small-visibility fusion-no-medium-visibility\" style=\"width:40%;width:calc(40% - ( ( 1% ) * 0.4 ) );margin-right: 1%;margin-top:0px;margin-bottom:20px;\"><div class=\"fusion-column-wrapper fusion-flex-column-wrapper-legacy\" style=\"background-position:left top;background-repeat:no-repeat;-webkit-background-size:cover;-moz-background-size:cover;-o-background-size:cover;background-size:cover;padding: 0px 0px 0px 0px;\"><div class=\"fusion-clearfix\"><\/div><\/div><\/div>\n<div class=\"fusion-layout-column fusion_builder_column fusion-builder-column-3 fusion_builder_column_3_5 3_5 fusion-three-fifth fusion-column-last\" style=\"width:60%;width:calc(60% - ( ( 1% ) * 0.6 ) );margin-top:0px;margin-bottom:0px;\"><div class=\"fusion-column-wrapper fusion-flex-column-wrapper-legacy\" style=\"background-position:left top;background-repeat:no-repeat;-webkit-background-size:cover;-moz-background-size:cover;-o-background-size:cover;background-size:cover;padding: 0px 0px 0px 0px;\"><div class=\"fusion-column-content-centered\"><div class=\"fusion-column-content\">\n<div class=\"fusion-text fusion-text-1 move-m\" style=\"transform:translate3d(0,0,0);\"><p class=\"cambio-txt\" style=\"color: white; font-size: 50px; line-height: normal;\"><a id=\"israel_phone_number\" href=\"tel:049894804\">04-9894804 <i class=\"fb-icon-element-2 fb-icon-element fontawesome-icon fa-phone fas circle-no fusion-text-flow\" style=\"font-size:32px;margin-right:16px;\"><\/i><style>i.fb-icon-element.fontawesome-icon.fb-icon-element-2{ color: #ffffff;}i.fb-icon-element.fontawesome-icon.fb-icon-element-2:hover { color: #ffffff;}<\/style><\/a><\/p>\n<\/div><\/div><\/div><div class=\"fusion-clearfix\"><\/div><\/div><\/div><\/div>\n<\/div>","protected":false},"excerpt":{"rendered":"<ul>\n<li><span>Marque: <\/span>SIRIUS<\/li>\n<li><span>Definition: <\/span>2MP<\/li>\n<li><span>Type d'objectif: <\/span>Objectif fixe<\/li>\n<li><span>Objectif: <\/span>3,6 mm (87 \u00b0)<\/li>\n<li><span>Gamme d\u2019\u00e9clairage: <\/span>Color Night Vision<\/li>\n<\/ul>","protected":false},"featured_media":3164,"template":"","meta":[],"product_cat":[78],"product_tag":[],"_links":{"self":[{"href":"https:\/\/secby.co.il\/fr\/wp-json\/wp\/v2\/product\/7370"}],"collection":[{"href":"https:\/\/secby.co.il\/fr\/wp-json\/wp\/v2\/product"}],"about":[{"href":"https:\/\/secby.co.il\/fr\/wp-json\/wp\/v2\/types\/product"}],"wp:featuredmedia":[{"embeddable":true,"href":"https:\/\/secby.co.il\/fr\/wp-json\/wp\/v2\/media\/3164"}],"wp:attachment":[{"href":"https:\/\/secby.co.il\/fr\/wp-json\/wp\/v2\/media?parent=7370"}],"wp:term":[{"taxonomy":"product_cat","embeddable":true,"href":"https:\/\/secby.co.il\/fr\/wp-json\/wp\/v2\/product_cat?post=7370"},{"taxonomy":"product_tag","embeddable":true,"href":"https:\/\/secby.co.il\/fr\/wp-json\/wp\/v2\/product_tag?post=7370"}],"curies":[{"name":"wp","href":"https:\/\/api.w.org\/{rel}","templated":true}]}}