{"id":7434,"date":"2021-01-15T13:42:25","date_gmt":"2021-01-15T13:42:25","guid":{"rendered":"https:\/\/secby.co.il\/boutique\/import-placeholder-for-2044\/"},"modified":"2021-05-25T13:22:19","modified_gmt":"2021-05-25T13:22:19","slug":"%d7%9e%d7%a6%d7%9c%d7%9e%d7%aa-%d7%90%d7%91%d7%98%d7%97%d7%94-ptz-%d7%97%d7%99%d7%a6%d7%95%d7%a0%d7%99%d7%aa-%d7%9e%d7%9e%d7%95%d7%a0%d7%a2%d7%aa-250i5pt-390ax4","status":"publish","type":"product","link":"https:\/\/secby.co.il\/fr\/\u05d7\u05e0\u05d5\u05ea\/%d7%9e%d7%a6%d7%9c%d7%9e%d7%aa-%d7%90%d7%91%d7%98%d7%97%d7%94-ptz-%d7%97%d7%99%d7%a6%d7%95%d7%a0%d7%99%d7%aa-%d7%9e%d7%9e%d7%95%d7%a0%d7%a2%d7%aa-250i5pt-390ax4\/","title":{"rendered":"\u05de\u05e6\u05dc\u05de\u05ea \u05d0\u05d1\u05d8\u05d7\u05d4 PTZ \u05d7\u05d9\u05e6\u05d5\u05e0\u05d9\u05ea \u05de\u05de\u05d5\u05e0\u05e2\u05ea 250\u00ba <br \/><p style=\"font-size:12px\">I5PT-390AX4<\/p>"},"content":{"rendered":"<div class=\"fusion-layout-column fusion_builder_column fusion-builder-column-0 fusion_builder_column_1_2 1_2 fusion-one-half fusion-column-first\" style=\"width:48%; margin-right: 4%;margin-top:0px;margin-bottom:20px;\"><div class=\"fusion-column-wrapper fusion-flex-column-wrapper-legacy\" style=\"background-position:left top;background-repeat:no-repeat;-webkit-background-size:cover;-moz-background-size:cover;-o-background-size:cover;background-size:cover;padding: 30px 0px 0px 0px;\"><\/p>\n<i class=\"fb-icon-element-1 fb-icon-element fontawesome-icon fa-magic fas circle-yes fusion-text-flow\" style=\"font-size:15.84px;line-height:29.68px;height:31.68px;width:31.68px;border-width:1px;margin-right:9px;\"><\/i><style>i.fb-icon-element.fontawesome-icon.fb-icon-element-1{ color: #ffffff; background-color: #4a4e57; border-color: #4a4e57;}i.fb-icon-element.fontawesome-icon.fb-icon-element-1:hover { color: #ffffff; background-color: #4a4e57; border-color: #4a4e57;}<\/style><strong style=\"font-size: 20px;\">Properties<\/strong><\/p>\n<div style=\"margin-left: 5%;margin-right: 5%;\">\n<li><span>Zoom: <\/span>4x<\/li>\n<li><span>Vitesse de mouvement: <\/span>12 \u00b0 \/ s (max)<\/li>\n<li><span>Tension de fonctionnement: <\/span>12VDC \/ 2A<\/li>\n<li><span>Inclus: <\/span>CoC<\/li>\n<li><span>Poids: <\/span>920 gr<\/li>\n<li><span>Support des formats: <\/span>AHD \/ CVI \/ TVI \/ CVBS + PAL \/ NTSC<\/li>\n<li>IP66: Protection compl\u00e8te contre la poussi\u00e8re. R\u00e9siste \u00e0 la pluie, aux \u00e9claboussures et aux puissants jets d'eau pendant 3 minutes<\/li>\n<div style=\"display:block;margin: auto;text-align: center;margin-top:15px;\">\n<img src=\"https:\/\/secby.co.il\/wp-content\/uploads\/2020\/12\/lentille_electrique_FR.jpg\" alt=\"\" width=\"250\" height=\"300\" class=\"aligncenter size-full wp-image-6207 basic\" srcset=\"https:\/\/secby.co.il\/wp-content\/uploads\/2020\/12\/lentille_electrique_FR-10x12.jpg 10w, https:\/\/secby.co.il\/wp-content\/uploads\/2020\/12\/lentille_electrique_FR-64x77.jpg 64w, https:\/\/secby.co.il\/wp-content\/uploads\/2020\/12\/lentille_electrique_FR-200x240.jpg 200w, https:\/\/secby.co.il\/wp-content\/uploads\/2020\/12\/lentille_electrique_FR.jpg 250w\" sizes=\"(max-width: 250px) 100vw, 250px\" \/>  <img src=\"https:\/\/secby.co.il\/wp-content\/uploads\/2020\/12\/resistencia_agua_FR.jpg\" alt=\"\" width=\"250\" height=\"300\" class=\"aligncenter size-full wp-image-6199 basic\" srcset=\"https:\/\/secby.co.il\/wp-content\/uploads\/2020\/12\/resistencia_agua_FR-10x12.jpg 10w, https:\/\/secby.co.il\/wp-content\/uploads\/2020\/12\/resistencia_agua_FR-64x77.jpg 64w, https:\/\/secby.co.il\/wp-content\/uploads\/2020\/12\/resistencia_agua_FR-200x240.jpg 200w, https:\/\/secby.co.il\/wp-content\/uploads\/2020\/12\/resistencia_agua_FR.jpg 250w\" sizes=\"(max-width: 250px) 100vw, 250px\" \/>\n<\/div>\n<p><strong ><a id=\"cambio1\" style=\"color:#255177;\" href=\"https:\/\/secby.co.il\/fr\/information\/\" target=\"_blank\" rel=\"noopener noreferrer\"><u>Voir Plus<\/u><\/a><\/strong><\/p>\n<\/div>\n<p><div class=\"fusion-clearfix\"><\/div><\/div><\/div>\n<div class=\"fusion-layout-column fusion_builder_column fusion-builder-column-1 fusion_builder_column_1_2 1_2 fusion-one-half fusion-column-last\" style=\"width:48%;margin-top:0px;margin-bottom:20px;\"><div class=\"fusion-column-wrapper fusion-flex-column-wrapper-legacy\" style=\"background-position:left top;background-repeat:no-repeat;-webkit-background-size:cover;-moz-background-size:cover;-o-background-size:cover;background-size:cover;padding: 30px 0px 0px 0px;\"><\/p>\n<i class=\"fb-icon-element-2 fb-icon-element fontawesome-icon fa-sync fas circle-yes fusion-text-flow\" style=\"font-size:15.84px;line-height:29.68px;height:31.68px;width:31.68px;border-width:1px;margin-right:9px;\"><\/i><style>i.fb-icon-element.fontawesome-icon.fb-icon-element-2{ color: #ffffff; background-color: #4a4e57; border-color: #4a4e57;}i.fb-icon-element.fontawesome-icon.fb-icon-element-2:hover { color: #ffffff; background-color: #4a4e57; border-color: #4a4e57;}<\/style><strong style=\"font-size: 20px;\">Rotation<\/strong><\/p>\n<p style=\"text-align: justify;\">Les cam\u00e9ras PTZ offrent la possibilit\u00e9 de pivoter rapidement et avec pr\u00e9cision sur un panoramique sans fin \u00e0 360 \u00b0 et une inclinaison de 75 \u00b0 pour surveiller un large \u00e9ventail de territoires. L'utilisateur peut facilement configurer jusqu'\u00e0 255 positions pr\u00e9d\u00e9finies et jusqu'\u00e0 8 itin\u00e9raires de patrouille et au maximum 4 mod\u00e8les de chemin d'op\u00e9ration manuelle. De plus, l'utilisateur peut planifier des t\u00e2ches PTZ sp\u00e9cifiques par date et heure.<\/p>\n<p><img src=\"https:\/\/secby.co.il\/wp-content\/uploads\/2020\/07\/Pan_Tilt_Camara.jpg\" alt=\"\" width=\"450\" height=\"248\" class=\"aligncenter size-full wp-image-2016\" srcset=\"https:\/\/secby.co.il\/wp-content\/uploads\/2020\/07\/Pan_Tilt_Camara-200x110.jpg 200w, https:\/\/secby.co.il\/wp-content\/uploads\/2020\/07\/Pan_Tilt_Camara-300x165.jpg 300w, https:\/\/secby.co.il\/wp-content\/uploads\/2020\/07\/Pan_Tilt_Camara-400x220.jpg 400w, https:\/\/secby.co.il\/wp-content\/uploads\/2020\/07\/Pan_Tilt_Camara.jpg 450w\" sizes=\"(max-width: 450px) 100vw, 450px\" \/><\/p>\n<p><div class=\"fusion-clearfix\"><\/div><\/div><\/div>\n<div class=\"fusion-sep-clear\"><\/div><div class=\"fusion-separator fusion-full-width-sep\" style=\"margin-left: auto;margin-right: auto;width:100%;\"><\/div><div class=\"fusion-sep-clear\"><\/div>\n<div class=\"fusion-fullwidth fullwidth-box fusion-builder-row-1 estirar hundred-percent-fullwidth non-hundred-percent-height-scrolling\" style=\"background-color: rgba(255,255,255,0);background-position: center center;background-repeat: no-repeat;padding-top:0px;padding-right:0px;padding-bottom:0px;padding-left:0px;margin-bottom: 0px;margin-top: 0px;border-width: 0px 0px 0px 0px;border-color:#e2e2e2;border-style:solid;\" ><div class=\"fusion-builder-row fusion-row\">\n<div class=\"fusion-layout-column fusion_builder_column fusion-builder-column-2 fusion_builder_column_2_5 2_5 fusion-two-fifth fusion-column-first fusion-no-small-visibility fusion-no-medium-visibility\" style=\"width:40%;width:calc(40% - ( ( 1% ) * 0.4 ) );margin-right: 1%;margin-top:0px;margin-bottom:20px;\"><div class=\"fusion-column-wrapper fusion-flex-column-wrapper-legacy\" style=\"background-position:left top;background-repeat:no-repeat;-webkit-background-size:cover;-moz-background-size:cover;-o-background-size:cover;background-size:cover;padding: 0px 0px 0px 0px;\"><div class=\"fusion-clearfix\"><\/div><\/div><\/div>\n<div class=\"fusion-layout-column fusion_builder_column fusion-builder-column-3 fusion_builder_column_3_5 3_5 fusion-three-fifth fusion-column-last\" style=\"width:60%;width:calc(60% - ( ( 1% ) * 0.6 ) );margin-top:0px;margin-bottom:0px;\"><div class=\"fusion-column-wrapper fusion-flex-column-wrapper-legacy\" style=\"background-position:left top;background-repeat:no-repeat;-webkit-background-size:cover;-moz-background-size:cover;-o-background-size:cover;background-size:cover;padding: 0px 0px 0px 0px;\"><div class=\"fusion-column-content-centered\"><div class=\"fusion-column-content\">\n<div class=\"fusion-text fusion-text-1 move-m\" style=\"transform:translate3d(0,0,0);\"><p class=\"cambio-txt\" style=\"color: white; font-size: 50px; line-height: normal;\"><a id=\"israel_phone_number\" href=\"tel:049894804\">04-9894804 <i class=\"fb-icon-element-3 fb-icon-element fontawesome-icon fa-phone fas circle-no fusion-text-flow\" style=\"font-size:32px;margin-right:16px;\"><\/i><style>i.fb-icon-element.fontawesome-icon.fb-icon-element-3{ color: #ffffff;}i.fb-icon-element.fontawesome-icon.fb-icon-element-3:hover { color: #ffffff;}<\/style><\/a><\/p>\n<\/div><\/div><\/div><div class=\"fusion-clearfix\"><\/div><\/div><\/div><\/div>\n<\/div>","protected":false},"excerpt":{"rendered":"<ul>\n<li><span>Definition: <\/span>2MP<\/li>\n<li><span>Objectif: <\/span>2,8-12mm<\/li>\n<li><span>Type d'objectif: <\/span>Objectif \u00e0 focale variable<\/li>\n<li><span>Gamme d\u2019\u00e9clairage: <\/span>50M<\/li>\n<li><span>Angle pan: <\/span>250\u00b0\/65\u00b0<\/li>\n<\/ul>","protected":false},"featured_media":2139,"template":"","meta":[],"product_cat":[91],"product_tag":[],"_links":{"self":[{"href":"https:\/\/secby.co.il\/fr\/wp-json\/wp\/v2\/product\/7434"}],"collection":[{"href":"https:\/\/secby.co.il\/fr\/wp-json\/wp\/v2\/product"}],"about":[{"href":"https:\/\/secby.co.il\/fr\/wp-json\/wp\/v2\/types\/product"}],"wp:featuredmedia":[{"embeddable":true,"href":"https:\/\/secby.co.il\/fr\/wp-json\/wp\/v2\/media\/2139"}],"wp:attachment":[{"href":"https:\/\/secby.co.il\/fr\/wp-json\/wp\/v2\/media?parent=7434"}],"wp:term":[{"taxonomy":"product_cat","embeddable":true,"href":"https:\/\/secby.co.il\/fr\/wp-json\/wp\/v2\/product_cat?post=7434"},{"taxonomy":"product_tag","embeddable":true,"href":"https:\/\/secby.co.il\/fr\/wp-json\/wp\/v2\/product_tag?post=7434"}],"curies":[{"name":"wp","href":"https:\/\/api.w.org\/{rel}","templated":true}]}}