{"id":7485,"date":"2021-01-15T14:53:19","date_gmt":"2021-01-15T14:53:19","guid":{"rendered":"https:\/\/secby.co.il\/boutique\/import-placeholder-for-2187\/"},"modified":"2021-05-25T13:22:21","modified_gmt":"2021-05-25T13:22:21","slug":"%d7%9e%d7%a6%d7%9c%d7%9e%d7%aa-%d7%9e%d7%a7%d7%a3-hd-%d7%9c%d7%a8%d7%9b%d7%91-%d7%a2%d7%9d-%d7%9e%d7%a1%d7%9a-%d7%a8%d7%97%d7%91-%d7%96%d7%95%d7%95%d7%99%d7%aa-%d7%a8%d7%97%d7%91%d7%94-2-7-pr-3500cdv","status":"publish","type":"product","link":"https:\/\/secby.co.il\/fr\/\u05d7\u05e0\u05d5\u05ea\/%d7%9e%d7%a6%d7%9c%d7%9e%d7%aa-%d7%9e%d7%a7%d7%a3-hd-%d7%9c%d7%a8%d7%9b%d7%91-%d7%a2%d7%9d-%d7%9e%d7%a1%d7%9a-%d7%a8%d7%97%d7%91-%d7%96%d7%95%d7%95%d7%99%d7%aa-%d7%a8%d7%97%d7%91%d7%94-2-7-pr-3500cdv\/","title":{"rendered":"\u05de\u05e6\u05dc\u05de\u05ea \u05de\u05e7\u05e3 HD \u05dc\u05e8\u05db\u05d1 \u05e2\u05dd \u05de\u05e1\u05da \u05e8\u05d7\u05d1 \u05d6\u05d5\u05d5\u05d9\u05ea \u05e8\u05d7\u05d1\u05d4 2.7&quot; <br \/><p style=\"font-size:12px\">PR-3500CDV<\/p>"},"content":{"rendered":"<div class=\"fusion-layout-column fusion_builder_column fusion-builder-column-0 fusion_builder_column_3_5 3_5 fusion-three-fifth fusion-column-first\" style=\"width:58.4%; margin-right: 4%;margin-top:0px;margin-bottom:20px;\"><div class=\"fusion-column-wrapper fusion-flex-column-wrapper-legacy\" style=\"background-position:left top;background-repeat:no-repeat;-webkit-background-size:cover;-moz-background-size:cover;-o-background-size:cover;background-size:cover;padding: 30px 0px 0px 0px;\"><\/p>\n<i class=\"fb-icon-element-1 fb-icon-element fontawesome-icon fa-tools fas circle-yes fusion-text-flow\" style=\"font-size:15.84px;line-height:29.68px;height:31.68px;width:31.68px;border-width:1px;margin-right:9px;\"><\/i><style>i.fb-icon-element.fontawesome-icon.fb-icon-element-1{ color: #ffffff; background-color: #4a4e57; border-color: #4a4e57;}i.fb-icon-element.fontawesome-icon.fb-icon-element-1:hover { color: #ffffff; background-color: #4a4e57; border-color: #4a4e57;}<\/style><strong style=\"font-size: 20px;\">Caract\u00e9ristiques<\/strong><\/p>\n<div style=\"margin-left: 5%;margin-right: 5%;\">\n<li><span>Angle de vue: <\/span>Photographie grand angle de 160 degr\u00e9s<\/li>\n<li>Cam\u00e9ra vid\u00e9o bidirectionnelle v\u00e9hicule, full HD, deux cam\u00e9ras, un corps de cam\u00e9ra, le v\u00e9hicule est de g\u00e9n\u00e9rer l'enregistrement automatique, le soutien \u00e0 l'h\u00e9breu, la vision nocturne, le tremblement du capteur (capteur G)<\/li>\n<\/div>\n<p><div class=\"fusion-clearfix\"><\/div><\/div><\/div>\n<div class=\"fusion-layout-column fusion_builder_column fusion-builder-column-1 fusion_builder_column_2_5 2_5 fusion-two-fifth fusion-column-last\" style=\"width:37.6%;margin-top:0px;margin-bottom:20px;\"><div class=\"fusion-column-wrapper fusion-flex-column-wrapper-legacy\" style=\"background-position:left top;background-repeat:no-repeat;-webkit-background-size:cover;-moz-background-size:cover;-o-background-size:cover;background-size:cover;padding: 30px 0px 0px 0px;\"><\/p>\n<div class=\"imageframe-align-center\"><span class=\"fusion-imageframe imageframe-none imageframe-1 hover-type-none\" style=\"width:100%;max-width:450px;\"><img width=\"947\" height=\"345\" title=\"Auto_secby_desde_arriba\" src=\"https:\/\/secby.co.il\/wp-content\/uploads\/2020\/08\/Auto_secby_desde_arriba.jpg\" class=\"img-responsive wp-image-2155\" srcset=\"https:\/\/secby.co.il\/wp-content\/uploads\/2020\/08\/Auto_secby_desde_arriba-200x73.jpg 200w, https:\/\/secby.co.il\/wp-content\/uploads\/2020\/08\/Auto_secby_desde_arriba-400x146.jpg 400w, https:\/\/secby.co.il\/wp-content\/uploads\/2020\/08\/Auto_secby_desde_arriba-600x219.jpg 600w, https:\/\/secby.co.il\/wp-content\/uploads\/2020\/08\/Auto_secby_desde_arriba-800x291.jpg 800w, https:\/\/secby.co.il\/wp-content\/uploads\/2020\/08\/Auto_secby_desde_arriba.jpg 947w\" sizes=\"(max-width: 800px) 100vw, 600px\" \/><\/span><\/div>\n<p><div class=\"fusion-clearfix\"><\/div><\/div><\/div>\n<div class=\"fusion-sep-clear\"><\/div><div class=\"fusion-separator fusion-full-width-sep\" style=\"margin-left: auto;margin-right: auto;width:100%;\"><\/div><div class=\"fusion-sep-clear\"><\/div>\n<div class=\"fusion-fullwidth fullwidth-box fusion-builder-row-1 estirar hundred-percent-fullwidth non-hundred-percent-height-scrolling\" style=\"background-color: rgba(255,255,255,0);background-position: center center;background-repeat: no-repeat;padding-top:0px;padding-right:0px;padding-bottom:0px;padding-left:0px;margin-bottom: 0px;margin-top: 0px;border-width: 0px 0px 0px 0px;border-color:#e2e2e2;border-style:solid;\" ><div class=\"fusion-builder-row fusion-row\">\n<div class=\"fusion-layout-column fusion_builder_column fusion-builder-column-2 fusion_builder_column_2_5 2_5 fusion-two-fifth fusion-column-first fusion-no-small-visibility fusion-no-medium-visibility\" style=\"width:40%;width:calc(40% - ( ( 1% ) * 0.4 ) );margin-right: 1%;margin-top:0px;margin-bottom:20px;\"><div class=\"fusion-column-wrapper fusion-flex-column-wrapper-legacy\" style=\"background-position:left top;background-repeat:no-repeat;-webkit-background-size:cover;-moz-background-size:cover;-o-background-size:cover;background-size:cover;padding: 0px 0px 0px 0px;\"><div class=\"fusion-clearfix\"><\/div><\/div><\/div>\n<div class=\"fusion-layout-column fusion_builder_column fusion-builder-column-3 fusion_builder_column_3_5 3_5 fusion-three-fifth fusion-column-last\" style=\"width:60%;width:calc(60% - ( ( 1% ) * 0.6 ) );margin-top:0px;margin-bottom:0px;\"><div class=\"fusion-column-wrapper fusion-flex-column-wrapper-legacy\" style=\"background-position:left top;background-repeat:no-repeat;-webkit-background-size:cover;-moz-background-size:cover;-o-background-size:cover;background-size:cover;padding: 0px 0px 0px 0px;\"><div class=\"fusion-column-content-centered\"><div class=\"fusion-column-content\">\n<div class=\"fusion-text fusion-text-1 move-m\" style=\"transform:translate3d(0,0,0);\"><p class=\"cambio-txt\" style=\"color: white; font-size: 50px; line-height: normal;\"><a id=\"israel_phone_number\" href=\"tel:049894804\">04-9894804 <i class=\"fb-icon-element-2 fb-icon-element fontawesome-icon fa-phone fas circle-no fusion-text-flow\" style=\"font-size:32px;margin-right:16px;\"><\/i><style>i.fb-icon-element.fontawesome-icon.fb-icon-element-2{ color: #ffffff;}i.fb-icon-element.fontawesome-icon.fb-icon-element-2:hover { color: #ffffff;}<\/style><\/a><\/p>\n<\/div><\/div><\/div><div class=\"fusion-clearfix\"><\/div><\/div><\/div><\/div>\n<\/div>","protected":false},"excerpt":{"rendered":"<ul>\n<li><span>\u00c9cran: <\/span>2,7 pouces<\/li>\n<li><span>M\u00e9moire: <\/span>128 GB<\/li>\n<li><span>Definition: <\/span>FULL HD 1920X1080<\/li>\n<li><span>Batterie: <\/span>Batterie au lithium rechargeable<\/li>\n<\/ul>","protected":false},"featured_media":8188,"template":"","meta":[],"product_cat":[95],"product_tag":[],"_links":{"self":[{"href":"https:\/\/secby.co.il\/fr\/wp-json\/wp\/v2\/product\/7485"}],"collection":[{"href":"https:\/\/secby.co.il\/fr\/wp-json\/wp\/v2\/product"}],"about":[{"href":"https:\/\/secby.co.il\/fr\/wp-json\/wp\/v2\/types\/product"}],"wp:featuredmedia":[{"embeddable":true,"href":"https:\/\/secby.co.il\/fr\/wp-json\/wp\/v2\/media\/8188"}],"wp:attachment":[{"href":"https:\/\/secby.co.il\/fr\/wp-json\/wp\/v2\/media?parent=7485"}],"wp:term":[{"taxonomy":"product_cat","embeddable":true,"href":"https:\/\/secby.co.il\/fr\/wp-json\/wp\/v2\/product_cat?post=7485"},{"taxonomy":"product_tag","embeddable":true,"href":"https:\/\/secby.co.il\/fr\/wp-json\/wp\/v2\/product_tag?post=7485"}],"curies":[{"name":"wp","href":"https:\/\/api.w.org\/{rel}","templated":true}]}}