{"id":7526,"date":"2021-01-15T15:55:47","date_gmt":"2021-01-15T15:55:47","guid":{"rendered":"https:\/\/secby.co.il\/boutique\/import-placeholder-for-3379\/"},"modified":"2021-11-23T17:05:30","modified_gmt":"2021-11-23T17:05:30","slug":"%d7%92%d7%9c%d7%90%d7%99-%d7%90%d7%9c%d7%97%d7%95%d7%98%d7%99-bware-dt-%d7%9e%d7%99%d7%a7%d7%a8%d7%95%d7%92%d7%9c-%d7%95%d7%90%d7%99%d7%a0%d7%a4%d7%a8%d7%94%d7%90%d7%93%d7%95%d7%9drwx515dt","status":"publish","type":"product","link":"https:\/\/secby.co.il\/fr\/\u05d7\u05e0\u05d5\u05ea\/%d7%92%d7%9c%d7%90%d7%99-%d7%90%d7%9c%d7%97%d7%95%d7%98%d7%99-bware-dt-%d7%9e%d7%99%d7%a7%d7%a8%d7%95%d7%92%d7%9c-%d7%95%d7%90%d7%99%d7%a0%d7%a4%d7%a8%d7%94%d7%90%d7%93%d7%95%d7%9drwx515dt\/","title":{"rendered":"\u05d2\u05dc\u05d0\u05d9 \u05d0\u05dc\u05d7\u05d5\u05d8\u05d9 BWare DT \u05de\u05d9\u05e7\u05e8\u05d5\u05d2\u05dc \u05d5\u05d0\u05d9\u05e0\u05e4\u05e8\u05d4\u05d0\u05d3\u05d5\u05dd <br \/><p style=\"font-size:12px\">RWX515DT<\/p>"},"content":{"rendered":"<div class=\"fusion-fullwidth fullwidth-box fusion-builder-row-1 fusion-flex-container nonhundred-percent-fullwidth non-hundred-percent-height-scrolling\" style=\"background-color: rgba(255,255,255,0);background-position: center center;background-repeat: no-repeat;border-width: 0px 0px 0px 0px;border-color:#e2e2e2;border-style:solid;\" ><div class=\"fusion-builder-row fusion-row fusion-flex-align-items-center\" style=\"max-width:1248px;margin-left: calc(-4% \/ 2 );margin-right: calc(-4% \/ 2 );\"><div class=\"fusion-layout-column fusion_builder_column fusion-builder-column-0 fusion-flex-column fusion-flex-align-self-flex-start caracteris\"><div class=\"fusion-column-wrapper fusion-flex-justify-content-flex-start fusion-content-layout-column fusion-content-no-wrap\" style=\"background-position:left top;background-repeat:no-repeat;-webkit-background-size:cover;-moz-background-size:cover;-o-background-size:cover;background-size:cover;padding: 0px 0px 0px 0px;\"><i class=\"fb-icon-element-1 fb-icon-element fontawesome-icon fa-tools fas circle-yes fusion-text-flow\" style=\"font-size:15.84px;line-height:29.68px;height:31.68px;width:31.68px;border-width:1px;margin-right:9px;\"><\/i><style>i.fb-icon-element.fontawesome-icon.fb-icon-element-1{ color: #ffffff; background-color: #4a4e57; border-color: #4a4e57;}i.fb-icon-element.fontawesome-icon.fb-icon-element-1:hover { color: #ffffff; background-color: #4a4e57; border-color: #4a4e57;}<\/style><div class=\"fusion-text fusion-text-1\" style=\"transform:translate3d(0,0,0);\"><p><strong style=\"font-size: 20px;\">Caract\u00e9ristiques<\/strong><\/p>\n<div style=\"margin-left: 5%; margin-right: 5%;\">\n<ul>\n<li>Poids: 0,120 kg<\/li>\n<li>Dimensions: 6.4 \u00d7 4 \u00d7 12 cm<\/li>\n<li class=\"ocultar-he\">Compatibilit\u00e9 centrale: Risco LightSYS avec module radio, Risco ProSYS avec module radio, Risco Agility<\/li>\n<li class=\"ocultar-fr\">\u05d6\u05d9\u05d4\u05d5\u05d9 \u05db\u05d9\u05e1\u05d5\u05d9 \u05e9\u05dc \u05d4\u05d2\u05dc\u05d0\u05d9<\/li>\n<li>Type de d\u00e9tecteurs: Mouvement radio double technologie<\/li>\n<li class=\"ocultar-he\">Fonction Anti-masque: Incluse<\/li>\n<li>Hauteur installation: Entre 2,10 et 2,70m<\/li>\n<li>Zone de d\u00e9tection: Volum\u00e9trique 1 x 15m 90\u00b0<\/li>\n<li>Zone d'installation: Int\u00e9rieure<\/li>\n<li class=\"ocultar-he\">Rotule optionnelle: Rotule Risco RA51<\/li>\n<li class=\"ocultar-he\">Normes &amp; certifications: EN50131 Grade 2<\/li>\n<li>Type d'alimentation: Pile CR123<\/li>\n<li>Fabricant: Risco<\/li>\n<\/ul>\n<\/div>\n<\/div><\/div><\/div><style type=\"text\/css\">.fusion-body .fusion-builder-column-0{width:45% !important;margin-top : 0px;margin-bottom : 20px;}.fusion-builder-column-0 > .fusion-column-wrapper {padding-top : 0px !important;padding-right : 0px !important;margin-right : 4.2666666666667%;padding-bottom : 0px !important;padding-left : 0px !important;margin-left : 4.2666666666667%;}@media only screen and (max-width:1024px) {.fusion-body .fusion-builder-column-0{width:45% !important;}.fusion-builder-column-0 > .fusion-column-wrapper {margin-right : 4.2666666666667%;margin-left : 4.2666666666667%;}}@media only screen and (max-width:640px) {.fusion-body .fusion-builder-column-0{width:100% !important;}.fusion-builder-column-0 > .fusion-column-wrapper {margin-right : 1.92%;margin-left : 1.92%;}}<\/style><\/div><style type=\"text\/css\">.fusion-body .fusion-flex-container.fusion-builder-row-1{ padding-top : 30px;margin-top : 0px;padding-right : 0px;padding-bottom : 0px;margin-bottom : 0px;padding-left : 0px;}<\/style><\/div>","protected":false},"excerpt":{"rendered":"<ul>\n<li>Type: 2 Way WL BWare DT<\/li>\n<li>D\u00e9tecteur de mouvement sans fil Risco RWX515DT bi-technologie con\u00e7u pour les zones \u00e0 conditions hostiles (fort \u00e9blouissement , zones \u00e0 fortes variations thermiques etc&#8230;).<\/li>\n<\/ul>","protected":false},"featured_media":3371,"template":"","meta":[],"product_cat":[64],"product_tag":[],"_links":{"self":[{"href":"https:\/\/secby.co.il\/fr\/wp-json\/wp\/v2\/product\/7526"}],"collection":[{"href":"https:\/\/secby.co.il\/fr\/wp-json\/wp\/v2\/product"}],"about":[{"href":"https:\/\/secby.co.il\/fr\/wp-json\/wp\/v2\/types\/product"}],"wp:featuredmedia":[{"embeddable":true,"href":"https:\/\/secby.co.il\/fr\/wp-json\/wp\/v2\/media\/3371"}],"wp:attachment":[{"href":"https:\/\/secby.co.il\/fr\/wp-json\/wp\/v2\/media?parent=7526"}],"wp:term":[{"taxonomy":"product_cat","embeddable":true,"href":"https:\/\/secby.co.il\/fr\/wp-json\/wp\/v2\/product_cat?post=7526"},{"taxonomy":"product_tag","embeddable":true,"href":"https:\/\/secby.co.il\/fr\/wp-json\/wp\/v2\/product_tag?post=7526"}],"curies":[{"name":"wp","href":"https:\/\/api.w.org\/{rel}","templated":true}]}}