{"id":7578,"date":"2021-01-16T20:02:13","date_gmt":"2021-01-16T20:02:13","guid":{"rendered":"https:\/\/secby.co.il\/boutique\/import-placeholder-for-2845\/"},"modified":"2021-11-23T17:02:42","modified_gmt":"2021-11-23T17:02:42","slug":"%d7%91%d7%a7%d7%a8-%d7%9b%d7%a0%d7%99%d7%a1%d7%94-%d7%9c%d7%90%d7%a8%d7%91%d7%a2-%d7%93%d7%9c%d7%aa%d7%95%d7%aa-pr-gc4epr-gc4e","status":"publish","type":"product","link":"https:\/\/secby.co.il\/fr\/\u05d7\u05e0\u05d5\u05ea\/%d7%91%d7%a7%d7%a8-%d7%9b%d7%a0%d7%99%d7%a1%d7%94-%d7%9c%d7%90%d7%a8%d7%91%d7%a2-%d7%93%d7%9c%d7%aa%d7%95%d7%aa-pr-gc4epr-gc4e\/","title":{"rendered":"\u05d1\u05e7\u05e8 \u05db\u05e0\u05d9\u05e1\u05d4 \u05dc\u05d0\u05e8\u05d1\u05e2 \u05d3\u05dc\u05ea\u05d5\u05ea PR-GC4E <br \/><p style=\"font-size:12px\">PR-GC4E<\/p>"},"content":{"rendered":"<div class=\"fusion-fullwidth fullwidth-box fusion-builder-row-1 nonhundred-percent-fullwidth non-hundred-percent-height-scrolling\" style=\"background-color: rgba(255,255,255,0);background-position: center center;background-repeat: no-repeat;padding-top:0px;padding-right:0px;padding-bottom:0px;padding-left:0px;margin-bottom: 0px;margin-top: 0px;border-width: 0px 0px 0px 0px;border-color:#e2e2e2;border-style:solid;\" ><div class=\"fusion-builder-row fusion-row\"><div class=\"fusion-layout-column fusion_builder_column fusion-builder-column-0 fusion-column-first caracteris\" style=\"width:45%; margin-right: 0%;margin-top:0px;margin-bottom:20px;\"><div class=\"fusion-column-wrapper fusion-flex-column-wrapper-legacy\" style=\"background-position:left top;background-repeat:no-repeat;-webkit-background-size:cover;-moz-background-size:cover;-o-background-size:cover;background-size:cover;padding: 30px 0px 0px 0px;\"><i class=\"fb-icon-element-1 fb-icon-element fontawesome-icon fa-tools fas circle-yes fusion-text-flow\" style=\"font-size:15.84px;line-height:29.68px;height:31.68px;width:31.68px;border-width:1px;margin-right:9px;\"><\/i><style>i.fb-icon-element.fontawesome-icon.fb-icon-element-1{ color: #ffffff; background-color: #4a4e57; border-color: #4a4e57;}i.fb-icon-element.fontawesome-icon.fb-icon-element-1:hover { color: #ffffff; background-color: #4a4e57; border-color: #4a4e57;}<\/style><div class=\"fusion-text fusion-text-1\" style=\"transform:translate3d(0,0,0);\"><p><strong style=\"font-size: 20px;\">Caract\u00e9ristiques<\/strong><\/p>\n<div style=\"margin-left: 5%; margin-right: 5%;\">\n<ul>\n<li>Mode de communication: TCP \/ IP<\/li>\n<li>Tension de fonctionnement: DC10 ~ 15V<\/li>\n<li>Taile: 171x141x20 mm<\/li>\n<\/ul>\n<div style=\"display: block; margin: auto; text-align: center; margin-top: 15px;\"><\/div>\n<\/div>\n<\/div><div class=\"fusion-clearfix\"><\/div><\/div><\/div><div class=\"fusion-layout-column fusion_builder_column fusion-builder-column-1 fusion_builder_column_1_1 1_1 fusion-one-full fusion-column-last\" style=\"margin-top:0px;margin-bottom:0px;\"><div class=\"fusion-column-wrapper fusion-flex-column-wrapper-legacy\" style=\"background-position:left top;background-repeat:no-repeat;-webkit-background-size:cover;-moz-background-size:cover;-o-background-size:cover;background-size:cover;padding: 0px 0px 0px 0px;\"><div class=\"fusion-sep-clear\"><\/div><div class=\"fusion-separator fusion-full-width-sep\" style=\"margin-left: auto;margin-right: auto;width:100%;\"><\/div><div class=\"fusion-sep-clear\"><\/div><div class=\"fusion-clearfix\"><\/div><\/div><\/div><\/div><\/div>","protected":false},"excerpt":{"rendered":"<ul>\n<li>Controle d'entr\u00e9e pour lecteur magn\u00e9tique. 4 portes unidirectionnelles ou 2 double sens. Compatible avec les lecteurs magn\u00e9tiques Wiegand26 \/ 34 '<\/li>\n<li>M\u00e9moire: 20.000 utilisateurs, 70.000 messages<\/li>\n<\/ul>","protected":false},"featured_media":8023,"template":"","meta":[],"product_cat":[381],"product_tag":[],"_links":{"self":[{"href":"https:\/\/secby.co.il\/fr\/wp-json\/wp\/v2\/product\/7578"}],"collection":[{"href":"https:\/\/secby.co.il\/fr\/wp-json\/wp\/v2\/product"}],"about":[{"href":"https:\/\/secby.co.il\/fr\/wp-json\/wp\/v2\/types\/product"}],"wp:featuredmedia":[{"embeddable":true,"href":"https:\/\/secby.co.il\/fr\/wp-json\/wp\/v2\/media\/8023"}],"wp:attachment":[{"href":"https:\/\/secby.co.il\/fr\/wp-json\/wp\/v2\/media?parent=7578"}],"wp:term":[{"taxonomy":"product_cat","embeddable":true,"href":"https:\/\/secby.co.il\/fr\/wp-json\/wp\/v2\/product_cat?post=7578"},{"taxonomy":"product_tag","embeddable":true,"href":"https:\/\/secby.co.il\/fr\/wp-json\/wp\/v2\/product_tag?post=7578"}],"curies":[{"name":"wp","href":"https:\/\/api.w.org\/{rel}","templated":true}]}}