{"id":7588,"date":"2021-01-16T20:02:14","date_gmt":"2021-01-16T20:02:14","guid":{"rendered":"https:\/\/secby.co.il\/boutique\/import-placeholder-for-2913\/"},"modified":"2021-11-23T17:02:37","modified_gmt":"2021-11-23T17:02:37","slug":"%d7%a7%d7%95%d7%a8%d7%90-%d7%a7%d7%a8%d7%91%d7%94-%d7%97%d7%99%d7%a6%d7%95%d7%a0%d7%99-%d7%a2%d7%a6%d7%9e%d7%90%d7%99-%d7%a2%d7%9d-%d7%a9%d7%9c%d7%98crs1-w","status":"publish","type":"product","link":"https:\/\/secby.co.il\/fr\/\u05d7\u05e0\u05d5\u05ea\/%d7%a7%d7%95%d7%a8%d7%90-%d7%a7%d7%a8%d7%91%d7%94-%d7%97%d7%99%d7%a6%d7%95%d7%a0%d7%99-%d7%a2%d7%a6%d7%9e%d7%90%d7%99-%d7%a2%d7%9d-%d7%a9%d7%9c%d7%98crs1-w\/","title":{"rendered":"\u05e7\u05d5\u05e8\u05d0 \u05e7\u05e8\u05d1\u05d4  \u05d7\u05d9\u05e6\u05d5\u05e0\u05d9 \u05e2\u05e6\u05de\u05d0\u05d9 \u05e2\u05dd \u05e9\u05dc\u05d8 <br \/><p style=\"font-size:12px\">CRS1-W<\/p>"},"content":{"rendered":"<div class=\"fusion-fullwidth fullwidth-box fusion-builder-row-1 nonhundred-percent-fullwidth non-hundred-percent-height-scrolling\" style=\"background-color: rgba(255,255,255,0);background-position: center center;background-repeat: no-repeat;padding-top:0px;padding-right:0px;padding-bottom:0px;padding-left:0px;margin-bottom: 0px;margin-top: 0px;border-width: 0px 0px 0px 0px;border-color:#e2e2e2;border-style:solid;\" ><div class=\"fusion-builder-row fusion-row\"><div class=\"fusion-layout-column fusion_builder_column fusion-builder-column-0 fusion-column-first caracteris\" style=\"width:45%; margin-right: 0%;margin-top:0px;margin-bottom:20px;\"><div class=\"fusion-column-wrapper fusion-flex-column-wrapper-legacy\" style=\"background-position:left top;background-repeat:no-repeat;-webkit-background-size:cover;-moz-background-size:cover;-o-background-size:cover;background-size:cover;padding: 30px 0px 0px 0px;\"><i class=\"fb-icon-element-1 fb-icon-element fontawesome-icon fa-tools fas circle-yes fusion-text-flow\" style=\"font-size:15.84px;line-height:29.68px;height:31.68px;width:31.68px;border-width:1px;margin-right:9px;\"><\/i><style>i.fb-icon-element.fontawesome-icon.fb-icon-element-1{ color: #ffffff; background-color: #4a4e57; border-color: #4a4e57;}i.fb-icon-element.fontawesome-icon.fb-icon-element-1:hover { color: #ffffff; background-color: #4a4e57; border-color: #4a4e57;}<\/style><div class=\"fusion-text fusion-text-1\" style=\"transform:translate3d(0,0,0);\"><p><strong style=\"font-size: 20px;\">Caract\u00e9ristiques<\/strong><\/p>\n<div style=\"margin-left: 5%; margin-right: 5%;\">\n<ul>\n<li>Mode de communication: 9 ~ DC 18V<\/li>\n<li>Taile: 103L x 48W x 20D (mm)<\/li>\n<li>Type de billets: Carte EM, 125KHZ<\/li>\n<li>Temp\u00e9rature de fonctionnement: -40 \u00b0 C ~ 60 \u00b0 C<\/li>\n<li>Humidit\u00e9: 20% RH ~ 98% RH<\/li>\n<li>Lecture de carte distance maximale: 3 ~ 6 cm<\/li>\n<li>Consommation de courant maximale: &lt;40mA<\/li>\n<li>IP66: Protection compl\u00e8te contre la poussi\u00e8re. R\u00e9siste \u00e0 la pluie, aux \u00e9claboussures et aux puissants jets d'eau pendant 3 minutes<\/li>\n<\/ul>\n<div style=\"display: block; margin: auto; text-align: center; margin-top: 15px;\"><img class=\"aligncenter size-full wp-image-6199 basic\" src=\"https:\/\/secby.co.il\/wp-content\/uploads\/2020\/12\/resistencia_agua_FR.jpg\" alt=\"\" width=\"250\" height=\"300\" srcset=\"https:\/\/secby.co.il\/wp-content\/uploads\/2020\/12\/resistencia_agua_FR-10x12.jpg 10w, https:\/\/secby.co.il\/wp-content\/uploads\/2020\/12\/resistencia_agua_FR-64x77.jpg 64w, https:\/\/secby.co.il\/wp-content\/uploads\/2020\/12\/resistencia_agua_FR-200x240.jpg 200w, https:\/\/secby.co.il\/wp-content\/uploads\/2020\/12\/resistencia_agua_FR.jpg 250w\" sizes=\"(max-width: 250px) 100vw, 250px\" \/><\/div>\n<p><strong><a id=\"cambio1\" style=\"color: #255177;\" href=\"https:\/\/secby.co.il\/fr\/information\/\" target=\"_blank\" rel=\"noopener noreferrer\"><u>Voir Plus<\/u><\/a><\/strong><\/p>\n<\/div>\n<\/div><div class=\"fusion-clearfix\"><\/div><\/div><\/div><div class=\"fusion-layout-column fusion_builder_column fusion-builder-column-1 fusion_builder_column_1_1 1_1 fusion-one-full fusion-column-last\" style=\"margin-top:0px;margin-bottom:0px;\"><div class=\"fusion-column-wrapper fusion-flex-column-wrapper-legacy\" style=\"background-position:left top;background-repeat:no-repeat;-webkit-background-size:cover;-moz-background-size:cover;-o-background-size:cover;background-size:cover;padding: 0px 0px 0px 0px;\"><div class=\"fusion-sep-clear\"><\/div><div class=\"fusion-separator fusion-full-width-sep\" style=\"margin-left: auto;margin-right: auto;width:100%;\"><\/div><div class=\"fusion-sep-clear\"><\/div><div class=\"fusion-clearfix\"><\/div><\/div><\/div><\/div><\/div>","protected":false},"excerpt":{"rendered":"<ul>\n<li>M\u00e9moire: 2000 utilisateurs, programmation par cartes d'enseignement ou signe<\/li>\n<li>Poids: 0,15 kg<\/li>\n<\/ul>","protected":false},"featured_media":1704,"template":"","meta":[],"product_cat":[374],"product_tag":[],"_links":{"self":[{"href":"https:\/\/secby.co.il\/fr\/wp-json\/wp\/v2\/product\/7588"}],"collection":[{"href":"https:\/\/secby.co.il\/fr\/wp-json\/wp\/v2\/product"}],"about":[{"href":"https:\/\/secby.co.il\/fr\/wp-json\/wp\/v2\/types\/product"}],"wp:featuredmedia":[{"embeddable":true,"href":"https:\/\/secby.co.il\/fr\/wp-json\/wp\/v2\/media\/1704"}],"wp:attachment":[{"href":"https:\/\/secby.co.il\/fr\/wp-json\/wp\/v2\/media?parent=7588"}],"wp:term":[{"taxonomy":"product_cat","embeddable":true,"href":"https:\/\/secby.co.il\/fr\/wp-json\/wp\/v2\/product_cat?post=7588"},{"taxonomy":"product_tag","embeddable":true,"href":"https:\/\/secby.co.il\/fr\/wp-json\/wp\/v2\/product_tag?post=7588"}],"curies":[{"name":"wp","href":"https:\/\/api.w.org\/{rel}","templated":true}]}}