{"id":7604,"date":"2021-01-16T20:02:17","date_gmt":"2021-01-16T20:02:17","guid":{"rendered":"https:\/\/secby.co.il\/boutique\/import-placeholder-for-3115\/"},"modified":"2021-11-23T16:57:49","modified_gmt":"2021-11-23T16:57:49","slug":"%d7%9c%d7%97%d7%a6%d7%9f-%d7%99%d7%a6%d7%99%d7%90%d7%94-%d7%9e%d7%95%d7%90%d7%a8-ip65-%d7%a2%d7%9e%d7%99%d7%93-%d7%9c%d7%9e%d7%99%d7%9das-z53l","status":"publish","type":"product","link":"https:\/\/secby.co.il\/fr\/\u05d7\u05e0\u05d5\u05ea\/%d7%9c%d7%97%d7%a6%d7%9f-%d7%99%d7%a6%d7%99%d7%90%d7%94-%d7%9e%d7%95%d7%90%d7%a8-ip65-%d7%a2%d7%9e%d7%99%d7%93-%d7%9c%d7%9e%d7%99%d7%9das-z53l\/","title":{"rendered":"\u05dc\u05d7\u05e6\u05df \u05d9\u05e6\u05d9\u05d0\u05d4 \u05de\u05d5\u05d0\u05e8 IP65 \u05e2\u05de\u05d9\u05d3 \u05dc\u05de\u05d9\u05dd <br \/><p style=\"font-size:12px\">AS-Z53L<\/p>"},"content":{"rendered":"<div class=\"fusion-fullwidth fullwidth-box fusion-builder-row-1 nonhundred-percent-fullwidth non-hundred-percent-height-scrolling\" style=\"background-color: rgba(255,255,255,0);background-position: center center;background-repeat: no-repeat;padding-top:0px;padding-right:0px;padding-bottom:0px;padding-left:0px;margin-bottom: 0px;margin-top: 0px;border-width: 0px 0px 0px 0px;border-color:#e2e2e2;border-style:solid;\" ><div class=\"fusion-builder-row fusion-row\"><div class=\"fusion-layout-column fusion_builder_column fusion-builder-column-0 fusion-column-first caracteris\" style=\"width:45%;width:calc(45% - ( ( 0% ) * 0.45 ) );margin-right: 0%;margin-top:0px;margin-bottom:20px;\"><div class=\"fusion-column-wrapper fusion-flex-column-wrapper-legacy\" style=\"background-position:left top;background-repeat:no-repeat;-webkit-background-size:cover;-moz-background-size:cover;-o-background-size:cover;background-size:cover;padding: 30px 0px 0px 0px;\"><i class=\"fb-icon-element-1 fb-icon-element fontawesome-icon fa-tools fas circle-yes fusion-text-flow\" style=\"font-size:15.84px;line-height:29.68px;height:31.68px;width:31.68px;border-width:1px;margin-right:9px;\"><\/i><style>i.fb-icon-element.fontawesome-icon.fb-icon-element-1{ color: #ffffff; background-color: #4a4e57; border-color: #4a4e57;}i.fb-icon-element.fontawesome-icon.fb-icon-element-1:hover { color: #ffffff; background-color: #4a4e57; border-color: #4a4e57;}<\/style><div class=\"fusion-text fusion-text-1\" style=\"transform:translate3d(0,0,0);\"><p><strong style=\"font-size: 20px;\">Caract\u00e9ristiques<\/strong><\/p>\n<div style=\"margin-left: 5%; margin-right: 5%;\">\n<ul>\n<li>Tension de fonctionnement: 36V @ 3A<\/li>\n<li>Taile: 53x53x26 (mm)<\/li>\n<li>Relais: NO \/ NF<\/li>\n<li>Candidat: 100.000 cycles<\/li>\n<li>IP65: Protection compl\u00e8te contre la poussi\u00e8re. R\u00e9siste \u00e0 la pluie, aux \u00e9claboussures et aux puissants jets d'eau pendant 3 minutes<\/li>\n<\/ul>\n<div style=\"display: block; margin: auto; text-align: center; margin-top: 15px;\"><img class=\"aligncenter size-full wp-image-6199 basic\" src=\"https:\/\/secby.co.il\/wp-content\/uploads\/2020\/12\/resistencia_agua_FR.jpg\" alt=\"\" width=\"250\" height=\"300\" srcset=\"https:\/\/secby.co.il\/wp-content\/uploads\/2020\/12\/resistencia_agua_FR-10x12.jpg 10w, https:\/\/secby.co.il\/wp-content\/uploads\/2020\/12\/resistencia_agua_FR-64x77.jpg 64w, https:\/\/secby.co.il\/wp-content\/uploads\/2020\/12\/resistencia_agua_FR-200x240.jpg 200w, https:\/\/secby.co.il\/wp-content\/uploads\/2020\/12\/resistencia_agua_FR.jpg 250w\" sizes=\"(max-width: 250px) 100vw, 250px\" \/><\/div>\n<p><strong><a id=\"cambio1\" style=\"color: #255177;\" href=\"https:\/\/secby.co.il\/fr\/information\/\" target=\"_blank\" rel=\"noopener noreferrer\"><u>Voir Plus<\/u><\/a><\/strong><\/p>\n<\/div>\n<\/div><div class=\"fusion-clearfix\"><\/div><\/div><\/div><\/div><\/div>","protected":false},"excerpt":{"rendered":"<ul>\n<li>Poids: 0,14 kg<\/li>\n<li>Mat\u00e9riel: Zinc, acier Bouton<\/li>\n<\/ul>","protected":false},"featured_media":8004,"template":"","meta":[],"product_cat":[375],"product_tag":[],"_links":{"self":[{"href":"https:\/\/secby.co.il\/fr\/wp-json\/wp\/v2\/product\/7604"}],"collection":[{"href":"https:\/\/secby.co.il\/fr\/wp-json\/wp\/v2\/product"}],"about":[{"href":"https:\/\/secby.co.il\/fr\/wp-json\/wp\/v2\/types\/product"}],"wp:featuredmedia":[{"embeddable":true,"href":"https:\/\/secby.co.il\/fr\/wp-json\/wp\/v2\/media\/8004"}],"wp:attachment":[{"href":"https:\/\/secby.co.il\/fr\/wp-json\/wp\/v2\/media?parent=7604"}],"wp:term":[{"taxonomy":"product_cat","embeddable":true,"href":"https:\/\/secby.co.il\/fr\/wp-json\/wp\/v2\/product_cat?post=7604"},{"taxonomy":"product_tag","embeddable":true,"href":"https:\/\/secby.co.il\/fr\/wp-json\/wp\/v2\/product_tag?post=7604"}],"curies":[{"name":"wp","href":"https:\/\/api.w.org\/{rel}","templated":true}]}}