{"id":7676,"date":"2021-01-16T20:57:09","date_gmt":"2021-01-16T20:57:09","guid":{"rendered":"https:\/\/secby.co.il\/boutique\/import-placeholder-for-3125\/"},"modified":"2021-11-23T16:41:39","modified_gmt":"2021-11-23T16:41:39","slug":"%d7%9e%d7%97%d7%96%d7%99%d7%a7-%d7%93%d7%9c%d7%aa-%d7%a8%d7%a6%d7%a4%d7%aa%d7%99-%d7%91%d7%a2%d7%9c-%d7%9e%d7%a0%d7%92%d7%a0%d7%95%d7%9f-%d7%a9%d7%97%d7%a8%d7%95%d7%a8-%d7%99%d7%93%d7%a0%d7%99dh-605","status":"publish","type":"product","link":"https:\/\/secby.co.il\/fr\/\u05d7\u05e0\u05d5\u05ea\/%d7%9e%d7%97%d7%96%d7%99%d7%a7-%d7%93%d7%9c%d7%aa-%d7%a8%d7%a6%d7%a4%d7%aa%d7%99-%d7%91%d7%a2%d7%9c-%d7%9e%d7%a0%d7%92%d7%a0%d7%95%d7%9f-%d7%a9%d7%97%d7%a8%d7%95%d7%a8-%d7%99%d7%93%d7%a0%d7%99dh-605\/","title":{"rendered":"\u05de\u05d7\u05d6\u05d9\u05e7 \u05d3\u05dc\u05ea \u05e8\u05e6\u05e4\u05ea\u05d9 \u05d1\u05e2\u05dc \u05de\u05e0\u05d2\u05e0\u05d5\u05df \u05e9\u05d7\u05e8\u05d5\u05e8 \u05d9\u05d3\u05e0\u05d9 <br \/><p style=\"font-size:12px\">DH-605<\/p>"},"content":{"rendered":"<div class=\"fusion-fullwidth fullwidth-box fusion-builder-row-1 estirar hundred-percent-fullwidth non-hundred-percent-height-scrolling\" style=\"background-color: rgba(255,255,255,0);background-position: center center;background-repeat: no-repeat;padding-top:0px;padding-right:0px;padding-bottom:0px;padding-left:0px;margin-bottom: 0px;margin-top: 0px;border-width: 0px 0px 0px 0px;border-color:#e2e2e2;border-style:solid;\" ><div class=\"fusion-builder-row fusion-row\"><div class=\"fusion-layout-column fusion_builder_column fusion-builder-column-0 fusion_builder_column_2_5 2_5 fusion-two-fifth fusion-column-first fusion-no-small-visibility fusion-no-medium-visibility\" style=\"width:40%;width:calc(40% - ( ( 1% ) * 0.4 ) );margin-right: 1%;margin-top:0px;margin-bottom:20px;\"><div class=\"fusion-column-wrapper fusion-flex-column-wrapper-legacy\" style=\"background-position:left top;background-blend-mode: overlay;background-repeat:no-repeat;-webkit-background-size:cover;-moz-background-size:cover;-o-background-size:cover;background-size:cover;padding: 0px 0px 0px 0px;\"><div class=\"fusion-text fusion-text-1 move-m\" style=\"transform:translate3d(0,0,0);\"><p class=\"cambio-txt\" style=\"color: white; font-size: 50px; line-height: normal;\"><a id=\"israel_phone_number\" href=\"tel:049894804\">04-9894804 <i class=\"fb-icon-element-1 fb-icon-element fontawesome-icon fa-phone fas circle-no fusion-text-flow\" style=\"font-size:32px;margin-right:16px;\"><\/i><style>i.fb-icon-element.fontawesome-icon.fb-icon-element-1{ color: #ffffff;}i.fb-icon-element.fontawesome-icon.fb-icon-element-1:hover { color: #ffffff;}<\/style><\/a><\/p>\n<\/div><div class=\"fusion-clearfix\"><\/div><\/div><\/div><div class=\"fusion-layout-column fusion_builder_column fusion-builder-column-1 fusion_builder_column_3_5 3_5 fusion-three-fifth fusion-column-last\" style=\"width:60%;width:calc(60% - ( ( 1% ) * 0.6 ) );margin-top:0px;margin-bottom:0px;\"><div class=\"fusion-column-wrapper fusion-flex-column-wrapper-legacy\" style=\"background-position:left top;background-repeat:no-repeat;-webkit-background-size:cover;-moz-background-size:cover;-o-background-size:cover;background-size:cover;padding: 0px 0px 0px 0px;\"><div class=\"fusion-column-content-centered\"><div class=\"fusion-column-content\"><div class=\"fusion-text fusion-text-2 move-m\" style=\"transform:translate3d(0,0,0);\"><p class=\"cambio-txt\" style=\"color: white; font-size: 50px; line-height: normal;\"><a id=\"israel_phone_number\" href=\"tel:049894804\">04-9894804 <i class=\"fb-icon-element-2 fb-icon-element fontawesome-icon fa-phone fas circle-no fusion-text-flow\" style=\"font-size:32px;margin-right:16px;\"><\/i><style>i.fb-icon-element.fontawesome-icon.fb-icon-element-2{ color: #ffffff;}i.fb-icon-element.fontawesome-icon.fb-icon-element-2:hover { color: #ffffff;}<\/style><\/a><\/p>\n<\/div><\/div><\/div><div class=\"fusion-clearfix\"><\/div><\/div><\/div><\/div><\/div>","protected":false},"excerpt":{"rendered":"<ul>\n<li>Puissance de r\u00e9sistance: 70 kg<\/li>\n<li>Tension de fonctionnement: 24VDC + 10%<\/li>\n<li>Consommation \u00e9lectrique: 12V \/ 100mA 24V \/ 50mA<\/li>\n<li>Compatible avec:Porte coupe-feu<\/li>\n<li>Extras: protection contre l'inversion de polarit\u00e9, m\u00e9canisme de d\u00e9verrouillage manuel<\/li>\n<li>Dimensions: 118x92x120 (mm)<\/li>\n<li>Poids: 0,96 kg<\/li>\n<\/ul>","protected":false},"featured_media":7980,"template":"","meta":[],"product_cat":[411],"product_tag":[],"_links":{"self":[{"href":"https:\/\/secby.co.il\/fr\/wp-json\/wp\/v2\/product\/7676"}],"collection":[{"href":"https:\/\/secby.co.il\/fr\/wp-json\/wp\/v2\/product"}],"about":[{"href":"https:\/\/secby.co.il\/fr\/wp-json\/wp\/v2\/types\/product"}],"wp:featuredmedia":[{"embeddable":true,"href":"https:\/\/secby.co.il\/fr\/wp-json\/wp\/v2\/media\/7980"}],"wp:attachment":[{"href":"https:\/\/secby.co.il\/fr\/wp-json\/wp\/v2\/media?parent=7676"}],"wp:term":[{"taxonomy":"product_cat","embeddable":true,"href":"https:\/\/secby.co.il\/fr\/wp-json\/wp\/v2\/product_cat?post=7676"},{"taxonomy":"product_tag","embeddable":true,"href":"https:\/\/secby.co.il\/fr\/wp-json\/wp\/v2\/product_tag?post=7676"}],"curies":[{"name":"wp","href":"https:\/\/api.w.org\/{rel}","templated":true}]}}