{"id":7677,"date":"2021-01-16T20:57:09","date_gmt":"2021-01-16T20:57:09","guid":{"rendered":"https:\/\/secby.co.il\/boutique\/import-placeholder-for-3126\/"},"modified":"2021-11-23T16:41:35","modified_gmt":"2021-11-23T16:41:35","slug":"%d7%9e%d7%97%d7%96%d7%99%d7%a7-%d7%93%d7%9c%d7%aa-%d7%a8%d7%a6%d7%a4%d7%aa%d7%99-%d7%91%d7%a2%d7%9c-%d7%9e%d7%a0%d7%92%d7%a0%d7%95%d7%9f-%d7%a9%d7%97%d7%a8%d7%95%d7%a8-%d7%99%d7%93%d7%a0%d7%99dh-602","status":"publish","type":"product","link":"https:\/\/secby.co.il\/fr\/\u05d7\u05e0\u05d5\u05ea\/%d7%9e%d7%97%d7%96%d7%99%d7%a7-%d7%93%d7%9c%d7%aa-%d7%a8%d7%a6%d7%a4%d7%aa%d7%99-%d7%91%d7%a2%d7%9c-%d7%9e%d7%a0%d7%92%d7%a0%d7%95%d7%9f-%d7%a9%d7%97%d7%a8%d7%95%d7%a8-%d7%99%d7%93%d7%a0%d7%99dh-602\/","title":{"rendered":"\u05de\u05d7\u05d6\u05d9\u05e7 \u05d3\u05dc\u05ea \u05e8\u05e6\u05e4\u05ea\u05d9 \u05d1\u05e2\u05dc \u05de\u05e0\u05d2\u05e0\u05d5\u05df \u05e9\u05d7\u05e8\u05d5\u05e8 \u05d9\u05d3\u05e0\u05d9 <br \/><p style=\"font-size:12px\">DH-602<\/p>"},"content":{"rendered":"","protected":false},"excerpt":{"rendered":"<ul>\n<li>Puissance de r\u00e9sistance: 70 kg<\/li>\n<li>Tension de fonctionnement: 12\/24 VDC + 10%<\/li>\n<li>Consommation \u00e9lectrique: 12V \/ 80mA 24V \/ 40mA<\/li>\n<li>Compatible avec:Porte coupe-feu<\/li>\n<li>Extras: protection contre l'inversion de polarit\u00e9, m\u00e9canisme de d\u00e9verrouillage manuel<\/li>\n<li>Dimensions: 80x80x105 (mm)<\/li>\n<li>Poids: 0,96 kg<\/li>\n<\/ul>","protected":false},"featured_media":7979,"template":"","meta":[],"product_cat":[411],"product_tag":[],"_links":{"self":[{"href":"https:\/\/secby.co.il\/fr\/wp-json\/wp\/v2\/product\/7677"}],"collection":[{"href":"https:\/\/secby.co.il\/fr\/wp-json\/wp\/v2\/product"}],"about":[{"href":"https:\/\/secby.co.il\/fr\/wp-json\/wp\/v2\/types\/product"}],"wp:featuredmedia":[{"embeddable":true,"href":"https:\/\/secby.co.il\/fr\/wp-json\/wp\/v2\/media\/7979"}],"wp:attachment":[{"href":"https:\/\/secby.co.il\/fr\/wp-json\/wp\/v2\/media?parent=7677"}],"wp:term":[{"taxonomy":"product_cat","embeddable":true,"href":"https:\/\/secby.co.il\/fr\/wp-json\/wp\/v2\/product_cat?post=7677"},{"taxonomy":"product_tag","embeddable":true,"href":"https:\/\/secby.co.il\/fr\/wp-json\/wp\/v2\/product_tag?post=7677"}],"curies":[{"name":"wp","href":"https:\/\/api.w.org\/{rel}","templated":true}]}}