{"id":7711,"date":"2021-01-18T13:52:09","date_gmt":"2021-01-18T13:52:09","guid":{"rendered":"https:\/\/secby.co.il\/boutique\/import-placeholder-for-2222\/"},"modified":"2021-11-23T16:35:43","modified_gmt":"2021-11-23T16:35:43","slug":"%d7%9e%d7%90%d7%a8%d7%99%d7%9a-poe-non-50%d7%9edcoe-01","status":"publish","type":"product","link":"https:\/\/secby.co.il\/fr\/\u05d7\u05e0\u05d5\u05ea\/%d7%9e%d7%90%d7%a8%d7%99%d7%9a-poe-non-50%d7%9edcoe-01\/","title":{"rendered":"\u05de\u05d0\u05e8\u05d9\u05da POE- non-  (50\u05de) <br \/><p style=\"font-size:12px\">DCOE-01<\/p>"},"content":{"rendered":"","protected":false},"excerpt":{"rendered":"<ul>\n<li>Transceiver non-PoE<\/li>\n<li>Jusqu'\u00e0 50 m\u00e8tres<\/li>\n<li>Transmission de l'alimentation et des donn\u00e9es ethernet sur le c\u00e2ble r\u00e9seau<\/li>\n<li>R\u00e9partiteur du cable r\u00e9seau en: internet et \u00e9l\u00e9ctricit\u00e9<\/li>\n<\/ul>","protected":false},"featured_media":8361,"template":"","meta":[],"product_cat":[398],"product_tag":[],"_links":{"self":[{"href":"https:\/\/secby.co.il\/fr\/wp-json\/wp\/v2\/product\/7711"}],"collection":[{"href":"https:\/\/secby.co.il\/fr\/wp-json\/wp\/v2\/product"}],"about":[{"href":"https:\/\/secby.co.il\/fr\/wp-json\/wp\/v2\/types\/product"}],"wp:featuredmedia":[{"embeddable":true,"href":"https:\/\/secby.co.il\/fr\/wp-json\/wp\/v2\/media\/8361"}],"wp:attachment":[{"href":"https:\/\/secby.co.il\/fr\/wp-json\/wp\/v2\/media?parent=7711"}],"wp:term":[{"taxonomy":"product_cat","embeddable":true,"href":"https:\/\/secby.co.il\/fr\/wp-json\/wp\/v2\/product_cat?post=7711"},{"taxonomy":"product_tag","embeddable":true,"href":"https:\/\/secby.co.il\/fr\/wp-json\/wp\/v2\/product_tag?post=7711"}],"curies":[{"name":"wp","href":"https:\/\/api.w.org\/{rel}","templated":true}]}}