{"id":7712,"date":"2021-01-18T13:52:09","date_gmt":"2021-01-18T13:52:09","guid":{"rendered":"https:\/\/secby.co.il\/boutique\/import-placeholder-for-2821\/"},"modified":"2021-11-23T16:35:47","modified_gmt":"2021-11-23T16:35:47","slug":"%d7%9e%d7%90%d7%a8%d7%99%d7%9a-hdmi-15%d7%9epr-hdex-4k","status":"publish","type":"product","link":"https:\/\/secby.co.il\/fr\/\u05d7\u05e0\u05d5\u05ea\/%d7%9e%d7%90%d7%a8%d7%99%d7%9a-hdmi-15%d7%9epr-hdex-4k\/","title":{"rendered":"\u05de\u05d0\u05e8\u05d9\u05da HDMI (15\u05de) <br \/><p style=\"font-size:12px\">PR-Hdex (4K)<\/p>"},"content":{"rendered":"","protected":false},"excerpt":{"rendered":"<ul>\n<li>Prend en charge tous les formats HD jusqu'\u00e0 K4 en 30 images par seconde<\/li>\n<li>Distance de support de c\u00e2ble HDMI (AWG26 c\u00e2ble norme)<\/li>\n<li>1080P d\u00e9finition<\/li>\n<li>Connexion: jusqu'\u00e0 15 m\u00e8tres<\/li>\n<li>Sortie: Jusqu'\u00e0 25 m<\/li>\n<li>D\u00e9finition: 4K<\/li>\n<li>Connexion: jusqu'\u00e0 5 m\u00e8tres<\/li>\n<li>Sortie: jusqu'\u00e0 8 m\u00e8tres<\/li>\n<li>Remarque: La distance de transmission peut \u00eatre affect\u00e9e par la qualit\u00e9 et la longueur du c\u00e2ble, Pas d'alimentation n\u00e9cessaire<\/li>\n<\/ul>","protected":false},"featured_media":4056,"template":"","meta":[],"product_cat":[398],"product_tag":[],"_links":{"self":[{"href":"https:\/\/secby.co.il\/fr\/wp-json\/wp\/v2\/product\/7712"}],"collection":[{"href":"https:\/\/secby.co.il\/fr\/wp-json\/wp\/v2\/product"}],"about":[{"href":"https:\/\/secby.co.il\/fr\/wp-json\/wp\/v2\/types\/product"}],"wp:featuredmedia":[{"embeddable":true,"href":"https:\/\/secby.co.il\/fr\/wp-json\/wp\/v2\/media\/4056"}],"wp:attachment":[{"href":"https:\/\/secby.co.il\/fr\/wp-json\/wp\/v2\/media?parent=7712"}],"wp:term":[{"taxonomy":"product_cat","embeddable":true,"href":"https:\/\/secby.co.il\/fr\/wp-json\/wp\/v2\/product_cat?post=7712"},{"taxonomy":"product_tag","embeddable":true,"href":"https:\/\/secby.co.il\/fr\/wp-json\/wp\/v2\/product_tag?post=7712"}],"curies":[{"name":"wp","href":"https:\/\/api.w.org\/{rel}","templated":true}]}}