{"id":7719,"date":"2021-01-18T13:52:10","date_gmt":"2021-01-18T13:52:10","guid":{"rendered":"https:\/\/secby.co.il\/boutique\/import-placeholder-for-2827\/"},"modified":"2021-11-23T16:34:32","modified_gmt":"2021-11-23T16:34:32","slug":"%d7%9e%d7%a2%d7%91%d7%99%d7%a8-hdmi-usb-kvm-%d7%a2%d7%9c-%d7%92%d7%91%d7%99-cat5e-cat6pr-hdkvmonet","status":"publish","type":"product","link":"https:\/\/secby.co.il\/fr\/\u05d7\u05e0\u05d5\u05ea\/%d7%9e%d7%a2%d7%91%d7%99%d7%a8-hdmi-usb-kvm-%d7%a2%d7%9c-%d7%92%d7%91%d7%99-cat5e-cat6pr-hdkvmonet\/","title":{"rendered":"\u05de\u05e2\u05d1\u05d9\u05e8 HDMI USB KVM \u05e2\u05dc \u05d2\u05d1\u05d9 Cat5e\/Cat6 <br \/><p style=\"font-size:12px\">PR-HDKVMoNet<\/p>"},"content":{"rendered":"","protected":false},"excerpt":{"rendered":"<ul>\n<li>\u00c9metteur HDMI + USB + IR sur un c\u00e2ble r\u00e9seau<\/li>\n<li>Distance de transmission: distance de 100 m\u00e8tres sur un c\u00e2ble Cat5e<\/li>\n<li>Jusqu'\u00e0 130 m\u00e8tres sur un c\u00e2ble Maccabi Cat6<\/li>\n<li>Support HDMI 1.3 et la bande passante de support 3D 225MHz<\/li>\n<li>Supportant des r\u00e9solutions jusqu'\u00e0 1080p @ 60 Hz<\/li>\n<li>Prend en charge les formats audio: Transmission DTS-HD \/ Dolby-vrai HD \/ LPCM7.1 \/ DTS \/ Dolby-AC3 \/ DSD<\/li>\n<li>Le soutien signal IR<\/li>\n<li>Alimentation DC5V n\u00e9cessaire (inclus dans le kit)<\/li>\n<\/ul>","protected":false},"featured_media":4060,"template":"","meta":[],"product_cat":[398],"product_tag":[],"_links":{"self":[{"href":"https:\/\/secby.co.il\/fr\/wp-json\/wp\/v2\/product\/7719"}],"collection":[{"href":"https:\/\/secby.co.il\/fr\/wp-json\/wp\/v2\/product"}],"about":[{"href":"https:\/\/secby.co.il\/fr\/wp-json\/wp\/v2\/types\/product"}],"wp:featuredmedia":[{"embeddable":true,"href":"https:\/\/secby.co.il\/fr\/wp-json\/wp\/v2\/media\/4060"}],"wp:attachment":[{"href":"https:\/\/secby.co.il\/fr\/wp-json\/wp\/v2\/media?parent=7719"}],"wp:term":[{"taxonomy":"product_cat","embeddable":true,"href":"https:\/\/secby.co.il\/fr\/wp-json\/wp\/v2\/product_cat?post=7719"},{"taxonomy":"product_tag","embeddable":true,"href":"https:\/\/secby.co.il\/fr\/wp-json\/wp\/v2\/product_tag?post=7719"}],"curies":[{"name":"wp","href":"https:\/\/api.w.org\/{rel}","templated":true}]}}