{"id":7733,"date":"2021-01-18T13:52:25","date_gmt":"2021-01-18T13:52:25","guid":{"rendered":"https:\/\/secby.co.il\/boutique\/import-placeholder-for-2798\/"},"modified":"2021-11-23T16:30:41","modified_gmt":"2021-11-23T16:30:41","slug":"%d7%a9%d7%a7%d7%a2-dc-%d7%9c%d7%9c%d7%90-%d7%9b%d7%91%d7%9cpr-c09","status":"publish","type":"product","link":"https:\/\/secby.co.il\/fr\/\u05d7\u05e0\u05d5\u05ea\/%d7%a9%d7%a7%d7%a2-dc-%d7%9c%d7%9c%d7%90-%d7%9b%d7%91%d7%9cpr-c09\/","title":{"rendered":"\u05e9\u05e7\u05e2 DC \u05dc\u05dc\u05d0 \u05db\u05d1\u05dc <br \/><p style=\"font-size:12px\">PR-C09<\/p>"},"content":{"rendered":"","protected":false},"excerpt":{"rendered":"<ul>\n<li>Prise DC sans c\u00e2ble (vis) est \u00e9galement appropri\u00e9 pour l'entr\u00e9e des cam\u00e9ras de transformateur<\/li>\n<\/ul>","protected":false},"featured_media":4012,"template":"","meta":[],"product_cat":[398],"product_tag":[],"_links":{"self":[{"href":"https:\/\/secby.co.il\/fr\/wp-json\/wp\/v2\/product\/7733"}],"collection":[{"href":"https:\/\/secby.co.il\/fr\/wp-json\/wp\/v2\/product"}],"about":[{"href":"https:\/\/secby.co.il\/fr\/wp-json\/wp\/v2\/types\/product"}],"wp:featuredmedia":[{"embeddable":true,"href":"https:\/\/secby.co.il\/fr\/wp-json\/wp\/v2\/media\/4012"}],"wp:attachment":[{"href":"https:\/\/secby.co.il\/fr\/wp-json\/wp\/v2\/media?parent=7733"}],"wp:term":[{"taxonomy":"product_cat","embeddable":true,"href":"https:\/\/secby.co.il\/fr\/wp-json\/wp\/v2\/product_cat?post=7733"},{"taxonomy":"product_tag","embeddable":true,"href":"https:\/\/secby.co.il\/fr\/wp-json\/wp\/v2\/product_tag?post=7733"}],"curies":[{"name":"wp","href":"https:\/\/api.w.org\/{rel}","templated":true}]}}