{"id":7735,"date":"2021-01-18T13:52:26","date_gmt":"2021-01-18T13:52:26","guid":{"rendered":"https:\/\/secby.co.il\/boutique\/import-placeholder-for-2800\/"},"modified":"2021-11-23T16:29:55","modified_gmt":"2021-11-23T16:29:55","slug":"%d7%a9%d7%a7%d7%a2-dc-%d7%a2%d7%9d-%d7%9b%d7%91%d7%9cpr-c11","status":"publish","type":"product","link":"https:\/\/secby.co.il\/fr\/\u05d7\u05e0\u05d5\u05ea\/%d7%a9%d7%a7%d7%a2-dc-%d7%a2%d7%9d-%d7%9b%d7%91%d7%9cpr-c11\/","title":{"rendered":"\u05e9\u05e7\u05e2 DC \u05e2\u05dd \u05db\u05d1\u05dc <br \/><p style=\"font-size:12px\">PR-C11<\/p>"},"content":{"rendered":"","protected":false},"excerpt":{"rendered":"<ul>\n<li>C\u00e2ble jack DC est \u00e9galement appropri\u00e9 pour l'entr\u00e9e des cam\u00e9ras de transformateur<\/li>\n<\/ul>","protected":false},"featured_media":4031,"template":"","meta":[],"product_cat":[398],"product_tag":[],"_links":{"self":[{"href":"https:\/\/secby.co.il\/fr\/wp-json\/wp\/v2\/product\/7735"}],"collection":[{"href":"https:\/\/secby.co.il\/fr\/wp-json\/wp\/v2\/product"}],"about":[{"href":"https:\/\/secby.co.il\/fr\/wp-json\/wp\/v2\/types\/product"}],"wp:featuredmedia":[{"embeddable":true,"href":"https:\/\/secby.co.il\/fr\/wp-json\/wp\/v2\/media\/4031"}],"wp:attachment":[{"href":"https:\/\/secby.co.il\/fr\/wp-json\/wp\/v2\/media?parent=7735"}],"wp:term":[{"taxonomy":"product_cat","embeddable":true,"href":"https:\/\/secby.co.il\/fr\/wp-json\/wp\/v2\/product_cat?post=7735"},{"taxonomy":"product_tag","embeddable":true,"href":"https:\/\/secby.co.il\/fr\/wp-json\/wp\/v2\/product_tag?post=7735"}],"curies":[{"name":"wp","href":"https:\/\/api.w.org\/{rel}","templated":true}]}}