{"id":7746,"date":"2021-01-18T13:52:28","date_gmt":"2021-01-18T13:52:28","guid":{"rendered":"https:\/\/secby.co.il\/boutique\/import-placeholder-for-2470\/"},"modified":"2021-11-23T16:27:56","modified_gmt":"2021-11-23T16:27:56","slug":"%d7%91%d7%a7%d7%a8-%d7%90%d7%a7%d7%a1%d7%a1-%d7%a4%d7%95%d7%99%d7%a0%d7%98-%d7%90%d7%9c%d7%97%d7%95%d7%98%d7%99apc500","status":"publish","type":"product","link":"https:\/\/secby.co.il\/fr\/\u05d7\u05e0\u05d5\u05ea\/%d7%91%d7%a7%d7%a8-%d7%90%d7%a7%d7%a1%d7%a1-%d7%a4%d7%95%d7%99%d7%a0%d7%98-%d7%90%d7%9c%d7%97%d7%95%d7%98%d7%99apc500\/","title":{"rendered":"\u05d1\u05e7\u05e8 \u05d0\u05e7\u05e1\u05e1-\u05e4\u05d5\u05d9\u05e0\u05d8 \u05d0\u05dc\u05d7\u05d5\u05d8\u05d9 <br \/><p style=\"font-size:12px\">APC500<\/p>"},"content":{"rendered":"","protected":false},"excerpt":{"rendered":"<ul>\n<li>Marque: EDIMAX PRO<\/li>\n<li>Interface \u00e0 grande vitesse: Prise en charge des ports Gigabit et USB 3.0<\/li>\n<li>Installation facile, jusqu'\u00e0 128 Access Manager Fointim de Edimax Pro<\/li>\n<li>Gestion AP L2 \/ L3<\/li>\n<li>Gestion de la fr\u00e9quence radio (RF)<\/li>\n<li>S\u00e9curit\u00e9 renforc\u00e9e, acc\u00e8s invit\u00e9 et &quot;portail captif&quot; (Captive Portal)<\/li>\n<li>Environnements commerciaux<\/li>\n<\/ul>","protected":false},"featured_media":4070,"template":"","meta":[],"product_cat":[398],"product_tag":[],"_links":{"self":[{"href":"https:\/\/secby.co.il\/fr\/wp-json\/wp\/v2\/product\/7746"}],"collection":[{"href":"https:\/\/secby.co.il\/fr\/wp-json\/wp\/v2\/product"}],"about":[{"href":"https:\/\/secby.co.il\/fr\/wp-json\/wp\/v2\/types\/product"}],"wp:featuredmedia":[{"embeddable":true,"href":"https:\/\/secby.co.il\/fr\/wp-json\/wp\/v2\/media\/4070"}],"wp:attachment":[{"href":"https:\/\/secby.co.il\/fr\/wp-json\/wp\/v2\/media?parent=7746"}],"wp:term":[{"taxonomy":"product_cat","embeddable":true,"href":"https:\/\/secby.co.il\/fr\/wp-json\/wp\/v2\/product_cat?post=7746"},{"taxonomy":"product_tag","embeddable":true,"href":"https:\/\/secby.co.il\/fr\/wp-json\/wp\/v2\/product_tag?post=7746"}],"curies":[{"name":"wp","href":"https:\/\/api.w.org\/{rel}","templated":true}]}}