{"id":7747,"date":"2021-01-18T13:52:28","date_gmt":"2021-01-18T13:52:28","guid":{"rendered":"https:\/\/secby.co.il\/boutique\/import-placeholder-for-2464\/"},"modified":"2021-11-23T16:28:03","modified_gmt":"2021-11-23T16:28:03","slug":"%d7%90%d7%a7%d7%a1%d7%a1-%d7%a4%d7%95%d7%99%d7%a0%d7%98-poe-%d7%aa%d7%a7%d7%a8%d7%aa%d7%99-300mbpscap1200","status":"publish","type":"product","link":"https:\/\/secby.co.il\/fr\/\u05d7\u05e0\u05d5\u05ea\/%d7%90%d7%a7%d7%a1%d7%a1-%d7%a4%d7%95%d7%99%d7%a0%d7%98-poe-%d7%aa%d7%a7%d7%a8%d7%aa%d7%99-300mbpscap1200\/","title":{"rendered":"\u05d0\u05e7\u05e1\u05e1-\u05e4\u05d5\u05d9\u05e0\u05d8 PoE \u05ea\u05e7\u05e8\u05ea\u05d9 (300Mbps) <br \/><p style=\"font-size:12px\">CAP1200<\/p>"},"content":{"rendered":"","protected":false},"excerpt":{"rendered":"<ul>\n<li>Marque: EDIMAX PRO<\/li>\n<li>Point d'acc\u00e8s PoE pour plafond double 2&#215;2 norme AC1200<\/li>\n<li>Prend en charge deux fr\u00e9quences simultan\u00e9ment \u00e0 300 Mbps dans la fr\u00e9quence de 2,4 GHz<\/li>\n<li>Et 900 Mbps fr\u00e9quence 5 GHz, quatre antennes internes amplitude 2.82dBi (2.4Ghz)<\/li>\n<li>Et 4 dBi (5 GHz)<\/li>\n<li>Installation facile<\/li>\n<li>Con\u00e7u pour une compression \u00e9lev\u00e9e<\/li>\n<li class=\"ocultar-fr\">\u05d0\u05db\u05e1\u05d5\u05df \u05e7\u05d5\u05de\u05e4\u05e7\u05d8\u05d9 \u05d5\u05e2\u05de\u05d9\u05d3<\/li>\n<li class=\"ocultar-fr\">\u05ea\u05d5\u05de\u05da \u05d1\u05d9\u05e6\u05d9\u05e8\u05d4 \u05e9\u05dc \u05e2\u05d3 32 \u05e8\u05e9\u05ea\u05d5\u05ea \u05e0\u05d9\u05e4\u05e8\u05d3\u05d5\u05ea \u05d5\u05e2\u05d3 100 \u05de\u05e9\u05ea\u05de\u05e9\u05d9 \u05e7\u05e6\u05d4 \u05dc\u05e6\u05d5\u05e8\u05da \u05e0\u05d9\u05d4\u05d5\u05dc \u05d0\u05d1\u05d8\u05d7\u05ea\u05d9<\/li>\n<li class=\"ocultar-fr\">\u05e0\u05d3\u05d9\u05d3\u05d4 \u05de\u05d4\u05d9\u05e8\u05d4 (Fast Roaming)<\/li>\n<li class=\"ocultar-fr\">\u05db\u05d9\u05e1\u05d5\u05d9 \u05e8\u05d7\u05d1 \u05d5\u05e8\u05d2\u05d9\u05e9\u05d5\u05ea \u05d2\u05d1\u05d5\u05d4\u05d4<\/li>\n<li class=\"ocultar-fr\">PoE<\/li>\n<li class=\"ocultar-fr\">\u05e9\u05e8\u05ea RADIUS \u05de\u05d5\u05d1\u05e0\u05d4<\/li>\n<li class=\"ocultar-fr\">\u05e1\u05d1\u05d9\u05d1\u05d5\u05ea \u05e2\u05e1\u05e7\u05d9\u05d5\u05ea<\/li>\n<li>Gestion centralis\u00e9e<\/li>\n<\/ul>","protected":false},"featured_media":4068,"template":"","meta":[],"product_cat":[398],"product_tag":[],"_links":{"self":[{"href":"https:\/\/secby.co.il\/fr\/wp-json\/wp\/v2\/product\/7747"}],"collection":[{"href":"https:\/\/secby.co.il\/fr\/wp-json\/wp\/v2\/product"}],"about":[{"href":"https:\/\/secby.co.il\/fr\/wp-json\/wp\/v2\/types\/product"}],"wp:featuredmedia":[{"embeddable":true,"href":"https:\/\/secby.co.il\/fr\/wp-json\/wp\/v2\/media\/4068"}],"wp:attachment":[{"href":"https:\/\/secby.co.il\/fr\/wp-json\/wp\/v2\/media?parent=7747"}],"wp:term":[{"taxonomy":"product_cat","embeddable":true,"href":"https:\/\/secby.co.il\/fr\/wp-json\/wp\/v2\/product_cat?post=7747"},{"taxonomy":"product_tag","embeddable":true,"href":"https:\/\/secby.co.il\/fr\/wp-json\/wp\/v2\/product_tag?post=7747"}],"curies":[{"name":"wp","href":"https:\/\/api.w.org\/{rel}","templated":true}]}}