{"id":7751,"date":"2021-01-18T13:52:29","date_gmt":"2021-01-18T13:52:29","guid":{"rendered":"https:\/\/secby.co.il\/boutique\/import-placeholder-for-2468\/"},"modified":"2021-11-23T16:27:22","modified_gmt":"2021-11-23T16:27:22","slug":"%d7%90%d7%a7%d7%a1%d7%a1-%d7%a4%d7%95%d7%99%d7%a0%d7%98-poe-%d7%a7%d7%99%d7%a8-450mbpswap1750","status":"publish","type":"product","link":"https:\/\/secby.co.il\/fr\/\u05d7\u05e0\u05d5\u05ea\/%d7%90%d7%a7%d7%a1%d7%a1-%d7%a4%d7%95%d7%99%d7%a0%d7%98-poe-%d7%a7%d7%99%d7%a8-450mbpswap1750\/","title":{"rendered":"\u05d0\u05e7\u05e1\u05e1-\u05e4\u05d5\u05d9\u05e0\u05d8 PoE  \u05e7\u05d9\u05e8 (450Mbps) <br \/><p style=\"font-size:12px\">WAP1750<\/p>"},"content":{"rendered":"","protected":false},"excerpt":{"rendered":"<ul>\n<li>Marque: EDIMAX PRO<\/li>\n<li>Point d'acc\u00e8s PoE pour plafond double 2&#215;2 norme AC1750<\/li>\n<li>Prend en charge deux fr\u00e9quences parall\u00e8les d'un maximum de 450 Mbps \u00e0 2,4 GHz<\/li>\n<li>Et 1300 Mbps \u00e0 5GHz, trois antennes<\/li>\n<li>Installation facile<\/li>\n<li class=\"ocultar-fr\">\u05d0\u05db\u05e1\u05d5\u05df \u05e7\u05d5\u05de\u05e4\u05e7\u05d8\u05d9 \u05d5\u05e2\u05de\u05d9\u05d3<\/li>\n<li class=\"ocultar-fr\">\u05de\u05ea\u05d5\u05db\u05e0\u05df \u05dc\u05e9\u05d9\u05de\u05d5\u05e9 \u05d1\u05d3\u05d7\u05d9\u05e1\u05d5\u05ea \u05d2\u05d1\u05d5\u05d4\u05d4, \u05ea\u05d5\u05de\u05da \u05d1\u05d9\u05e6\u05d9\u05e8\u05d4 \u05e9\u05dc \u05e2\u05d3 32 \u05e8\u05e9\u05ea\u05d5\u05ea \u05e0\u05d9\u05e4\u05e8\u05d3\u05d5\u05ea \u05d5\u05e2\u05d3 100 \u05de\u05e9\u05ea\u05de\u05e9\u05d9 \u05e7\u05e6\u05d4 \u05dc\u05e6\u05d5\u05e8\u05da \u05e0\u05d9\u05d4\u05d5\u05dc \u05d0\u05d1\u05d8\u05d7\u05ea\u05d9<\/li>\n<li class=\"ocultar-fr\">\u05e0\u05d3\u05d9\u05d3\u05d4 \u05de\u05d4\u05d9\u05e8\u05d4 (Fast Roaming)<\/li>\n<li class=\"ocultar-fr\">\u05db\u05d9\u05e1\u05d5\u05d9 \u05e8\u05d7\u05d1 \u05d5\u05e8\u05d2\u05d9\u05e9\u05d5\u05ea \u05d2\u05d1\u05d5\u05d4\u05d4<\/li>\n<li class=\"ocultar-fr\">PoE<\/li>\n<li class=\"ocultar-fr\">\u05e9\u05e8\u05ea RADIUS \u05de\u05d5\u05d1\u05e0\u05d4<\/li>\n<li class=\"ocultar-fr\">\u05e1\u05d1\u05d9\u05d1\u05d5\u05ea \u05e2\u05e1\u05e7\u05d9\u05d5\u05ea<\/li>\n<li>Gestion centralis\u00e9e<\/li>\n<li>Deux connexions LAN vitesse 1Gb<\/li>\n<\/ul>","protected":false},"featured_media":4074,"template":"","meta":[],"product_cat":[398],"product_tag":[],"_links":{"self":[{"href":"https:\/\/secby.co.il\/fr\/wp-json\/wp\/v2\/product\/7751"}],"collection":[{"href":"https:\/\/secby.co.il\/fr\/wp-json\/wp\/v2\/product"}],"about":[{"href":"https:\/\/secby.co.il\/fr\/wp-json\/wp\/v2\/types\/product"}],"wp:featuredmedia":[{"embeddable":true,"href":"https:\/\/secby.co.il\/fr\/wp-json\/wp\/v2\/media\/4074"}],"wp:attachment":[{"href":"https:\/\/secby.co.il\/fr\/wp-json\/wp\/v2\/media?parent=7751"}],"wp:term":[{"taxonomy":"product_cat","embeddable":true,"href":"https:\/\/secby.co.il\/fr\/wp-json\/wp\/v2\/product_cat?post=7751"},{"taxonomy":"product_tag","embeddable":true,"href":"https:\/\/secby.co.il\/fr\/wp-json\/wp\/v2\/product_tag?post=7751"}],"curies":[{"name":"wp","href":"https:\/\/api.w.org\/{rel}","templated":true}]}}