{"id":7753,"date":"2021-01-18T13:52:29","date_gmt":"2021-01-18T13:52:29","guid":{"rendered":"https:\/\/secby.co.il\/boutique\/import-placeholder-for-2472\/"},"modified":"2021-11-23T16:27:39","modified_gmt":"2021-11-23T16:27:39","slug":"%d7%9e%d7%aa%d7%92-%d7%a1%d7%95%d7%95%d7%99%d7%a5-poe-24gs-5424plg","status":"publish","type":"product","link":"https:\/\/secby.co.il\/fr\/\u05d7\u05e0\u05d5\u05ea\/%d7%9e%d7%aa%d7%92-%d7%a1%d7%95%d7%95%d7%99%d7%a5-poe-24gs-5424plg\/","title":{"rendered":"\u05de\u05ea\u05d2  \u05e1\u05d5\u05d5\u05d9\u05e5' PoE 24 <br \/><p style=\"font-size:12px\">GS-5424PLG<\/p>"},"content":{"rendered":"","protected":false},"excerpt":{"rendered":"<ul>\n<li>Marque: EDIMAX PRO<\/li>\n<li>Commutateur PoE IEEE 802.3af\/at<\/li>\n<li>24 ports Gigabit Ethernet et quatre sorties mini-GBIC\/SFP<\/li>\n<li>Jusqu'\u00e0 30W par port (budget \u00e9nerg\u00e9tique total : 400W) pour l'alimentation de p\u00e9riph\u00e9riques compatibles PoE<\/li>\n<li>D\u00e9tection automatique des dispositifs aliment\u00e9s (PD) et des niveaux de consommation \u00e9lectrique<\/li>\n<li>D\u00e9tection automatique des d\u00e9fauts en cas de sous\/sur tension et de chute\/exc\u00e8s de courant<\/li>\n<li>Liste de contr\u00f4le d'acc\u00e8s (ACL) prise en charge<\/li>\n<li>Capacit\u00e9 de commutation : 56 Mbps\/s et taux de transfert : 35,7 Mbps\/s<\/li>\n<li>VLAN IEEE802.1Q pour la segmentation r\u00e9seau afin d'am\u00e9liorer les performances et la s\u00e9curit\u00e9<\/li>\n<li>Prise en charge de la surveillance du trafic IGMP V1 \/ V2<\/li>\n<li>Table d'adresses MAC 8K et prise en charge de trames jumbo jusqu'\u00e0 9Ko<\/li>\n<li>Montage en rack 19&quot; 1 U<\/li>\n<\/ul>","protected":false},"featured_media":4083,"template":"","meta":[],"product_cat":[398],"product_tag":[],"_links":{"self":[{"href":"https:\/\/secby.co.il\/fr\/wp-json\/wp\/v2\/product\/7753"}],"collection":[{"href":"https:\/\/secby.co.il\/fr\/wp-json\/wp\/v2\/product"}],"about":[{"href":"https:\/\/secby.co.il\/fr\/wp-json\/wp\/v2\/types\/product"}],"wp:featuredmedia":[{"embeddable":true,"href":"https:\/\/secby.co.il\/fr\/wp-json\/wp\/v2\/media\/4083"}],"wp:attachment":[{"href":"https:\/\/secby.co.il\/fr\/wp-json\/wp\/v2\/media?parent=7753"}],"wp:term":[{"taxonomy":"product_cat","embeddable":true,"href":"https:\/\/secby.co.il\/fr\/wp-json\/wp\/v2\/product_cat?post=7753"},{"taxonomy":"product_tag","embeddable":true,"href":"https:\/\/secby.co.il\/fr\/wp-json\/wp\/v2\/product_tag?post=7753"}],"curies":[{"name":"wp","href":"https:\/\/api.w.org\/{rel}","templated":true}]}}