{"id":7772,"date":"2021-01-18T13:52:46","date_gmt":"2021-01-18T13:52:46","guid":{"rendered":"https:\/\/secby.co.il\/boutique\/import-placeholder-for-2824\/"},"modified":"2021-11-23T16:20:06","modified_gmt":"2021-11-23T16:20:06","slug":"%d7%9e%d7%aa%d7%92-%d7%a1%d7%95%d7%95%d7%99%d7%a5-3-hdmi-%d7%9c-1pr-sw301-4k","status":"publish","type":"product","link":"https:\/\/secby.co.il\/fr\/\u05d7\u05e0\u05d5\u05ea\/%d7%9e%d7%aa%d7%92-%d7%a1%d7%95%d7%95%d7%99%d7%a5-3-hdmi-%d7%9c-1pr-sw301-4k\/","title":{"rendered":"\u05de\u05ea\u05d2  \u05e1\u05d5\u05d5\u05d9\u05e5' 3 HDMI \u05dc 1 <br \/><p style=\"font-size:12px\">PR-SW301 (4K)<\/p>"},"content":{"rendered":"","protected":false},"excerpt":{"rendered":"<ul>\n<li>Permet la connexion de 3 sources HDMI une unit\u00e9 d'affichage HDMI<\/li>\n<li>Une fois connect\u00e9, vous pouvez s\u00e9lectionner manuellement l'affichage source ou g\u00e9n\u00e9r\u00e9 automatiquement par l'appareil<\/li>\n<li>HDMI compatible 1.4a<\/li>\n<li>Prend en charge jusqu'\u00e0 4K @ 30Hz, la fonction &quot;Smart Move&quot; qui peut d\u00e9tecter un live commutateur de signal HDMI vers diff\u00e9rents canaux automatiquement., Il n'y a pas besoin d'une alimentation \u00e9lectrique installation norme Si le c\u00e2ble HDMI entrant plus de 5 m\u00e8tres n\u00e9cessaire alimentation DC5V (non inclus dans le kit)<\/li>\n<\/ul>","protected":false},"featured_media":4065,"template":"","meta":[],"product_cat":[398],"product_tag":[],"_links":{"self":[{"href":"https:\/\/secby.co.il\/fr\/wp-json\/wp\/v2\/product\/7772"}],"collection":[{"href":"https:\/\/secby.co.il\/fr\/wp-json\/wp\/v2\/product"}],"about":[{"href":"https:\/\/secby.co.il\/fr\/wp-json\/wp\/v2\/types\/product"}],"wp:featuredmedia":[{"embeddable":true,"href":"https:\/\/secby.co.il\/fr\/wp-json\/wp\/v2\/media\/4065"}],"wp:attachment":[{"href":"https:\/\/secby.co.il\/fr\/wp-json\/wp\/v2\/media?parent=7772"}],"wp:term":[{"taxonomy":"product_cat","embeddable":true,"href":"https:\/\/secby.co.il\/fr\/wp-json\/wp\/v2\/product_cat?post=7772"},{"taxonomy":"product_tag","embeddable":true,"href":"https:\/\/secby.co.il\/fr\/wp-json\/wp\/v2\/product_tag?post=7772"}],"curies":[{"name":"wp","href":"https:\/\/api.w.org\/{rel}","templated":true}]}}