{"id":7808,"date":"2021-01-18T14:08:17","date_gmt":"2021-01-18T14:08:17","guid":{"rendered":"https:\/\/secby.co.il\/boutique\/import-placeholder-for-2712\/"},"modified":"2021-11-23T16:07:08","modified_gmt":"2021-11-23T16:07:08","slug":"%d7%9e%d7%a1%d7%9a-9-lcd-1024x600-pr-tft9hd-bl","status":"publish","type":"product","link":"https:\/\/secby.co.il\/fr\/\u05d7\u05e0\u05d5\u05ea\/%d7%9e%d7%a1%d7%9a-9-lcd-1024x600-pr-tft9hd-bl\/","title":{"rendered":"\u05de\u05e1\u05da 9&quot;  LCD 1024&#215;600 <br \/><p style=\"font-size:12px\">PR-TFT9HD-BL<\/p>"},"content":{"rendered":"","protected":false},"excerpt":{"rendered":"<p style=\"margin-top: -50px;\">Demander un devis<\/p>\n<ul>\n<li>Moniteur 9&quot; LCD num\u00e9rique avec boutons tactiles<\/li>\n<li>Deux entr\u00e9es vid\u00e9o<\/li>\n<li>Salle de bains<\/li>\n<li>Bras<\/li>\n<li>Blanch<\/li>\n<li>D\u00e9finition: 1024&#215;600<\/li>\n<li>W x H 220 mm x 140 mm profondeur 16 mm<\/li>\n<li>** 12V \/ DC 1A doivent \u00eatre achet\u00e9s s\u00e9par\u00e9ment<\/li>\n<\/ul>","protected":false},"featured_media":8395,"template":"","meta":[],"product_cat":[392],"product_tag":[],"_links":{"self":[{"href":"https:\/\/secby.co.il\/fr\/wp-json\/wp\/v2\/product\/7808"}],"collection":[{"href":"https:\/\/secby.co.il\/fr\/wp-json\/wp\/v2\/product"}],"about":[{"href":"https:\/\/secby.co.il\/fr\/wp-json\/wp\/v2\/types\/product"}],"wp:featuredmedia":[{"embeddable":true,"href":"https:\/\/secby.co.il\/fr\/wp-json\/wp\/v2\/media\/8395"}],"wp:attachment":[{"href":"https:\/\/secby.co.il\/fr\/wp-json\/wp\/v2\/media?parent=7808"}],"wp:term":[{"taxonomy":"product_cat","embeddable":true,"href":"https:\/\/secby.co.il\/fr\/wp-json\/wp\/v2\/product_cat?post=7808"},{"taxonomy":"product_tag","embeddable":true,"href":"https:\/\/secby.co.il\/fr\/wp-json\/wp\/v2\/product_tag?post=7808"}],"curies":[{"name":"wp","href":"https:\/\/api.w.org\/{rel}","templated":true}]}}