{"id":7810,"date":"2021-01-18T14:08:18","date_gmt":"2021-01-18T14:08:18","guid":{"rendered":"https:\/\/secby.co.il\/boutique\/import-placeholder-for-2714\/"},"modified":"2021-11-23T16:06:21","modified_gmt":"2021-11-23T16:06:21","slug":"%d7%9e%d7%a1%d7%9a-10-1024x600-lcdpr-ips10p-w","status":"publish","type":"product","link":"https:\/\/secby.co.il\/fr\/\u05d7\u05e0\u05d5\u05ea\/%d7%9e%d7%a1%d7%9a-10-1024x600-lcdpr-ips10p-w\/","title":{"rendered":"\u05de\u05e1\u05da 10&quot; 1024&#215;600 LCD <br \/><p style=\"font-size:12px\">PR-IPS10P-W<\/p>"},"content":{"rendered":"","protected":false},"excerpt":{"rendered":"<p style=\"margin-top: -50px;\">Demander un devis<\/p>\n<ul>\n<li>\u00c9cran 10&quot;, deux entr\u00e9es vid\u00e9o, HDMI et VGA<\/li>\n<li>Un panneau \u00e0 cristaux liquides num\u00e9rique avec une r\u00e9solution 1024X600<\/li>\n<li>Hauteur 250 mm x largeur x profondeur 163mm 16mm<\/li>\n<li>Couleur blanche<\/li>\n<\/ul>","protected":false},"featured_media":8394,"template":"","meta":[],"product_cat":[392],"product_tag":[],"_links":{"self":[{"href":"https:\/\/secby.co.il\/fr\/wp-json\/wp\/v2\/product\/7810"}],"collection":[{"href":"https:\/\/secby.co.il\/fr\/wp-json\/wp\/v2\/product"}],"about":[{"href":"https:\/\/secby.co.il\/fr\/wp-json\/wp\/v2\/types\/product"}],"wp:featuredmedia":[{"embeddable":true,"href":"https:\/\/secby.co.il\/fr\/wp-json\/wp\/v2\/media\/8394"}],"wp:attachment":[{"href":"https:\/\/secby.co.il\/fr\/wp-json\/wp\/v2\/media?parent=7810"}],"wp:term":[{"taxonomy":"product_cat","embeddable":true,"href":"https:\/\/secby.co.il\/fr\/wp-json\/wp\/v2\/product_cat?post=7810"},{"taxonomy":"product_tag","embeddable":true,"href":"https:\/\/secby.co.il\/fr\/wp-json\/wp\/v2\/product_tag?post=7810"}],"curies":[{"name":"wp","href":"https:\/\/api.w.org\/{rel}","templated":true}]}}