{"id":7833,"date":"2021-01-18T14:08:40","date_gmt":"2021-01-18T14:08:40","guid":{"rendered":"https:\/\/secby.co.il\/boutique\/import-placeholder-for-2740\/"},"modified":"2021-11-23T15:53:14","modified_gmt":"2021-11-23T15:53:14","slug":"%d7%a7%d7%95%d7%a4%d7%a1%d7%aa-%d7%97%d7%99%d7%91%d7%95%d7%a8%d7%99%d7%9d-%d7%92%d7%93%d7%95%d7%9c%d7%94-pr-b47jb2","status":"publish","type":"product","link":"https:\/\/secby.co.il\/fr\/\u05d7\u05e0\u05d5\u05ea\/%d7%a7%d7%95%d7%a4%d7%a1%d7%aa-%d7%97%d7%99%d7%91%d7%95%d7%a8%d7%99%d7%9d-%d7%92%d7%93%d7%95%d7%9c%d7%94-pr-b47jb2\/","title":{"rendered":"\u05e7\u05d5\u05e4\u05e1\u05ea \u05d7\u05d9\u05d1\u05d5\u05e8\u05d9\u05dd \u05d2\u05d3\u05d5\u05dc\u05d4 \u05de\u05ea\u05d0\u05d9\u05dd \u05dc\u05de\u05e6\u05dc\u05de\u05d5\u05ea AHD \u05db\u05d9\u05e4\u05d4 VF \u05d5-I4<br> <br \/><p style=\"font-size:12px\">PR-B47JB2<\/p>"},"content":{"rendered":"","protected":false},"excerpt":{"rendered":"<ul>\n<li>Grande bo\u00eete de jonction adapt\u00e9e aux cam\u00e9ras AHD Dome VF et I4 et aux cam\u00e9ras IP IP I3 \/ I4 et DI-VF, blanc<\/li>\n<li>Le bo\u00eetier convient aux mod\u00e8les de cameras: DI-390IPS36, DI-390IPS28, DI-340IP528<\/li>\n<\/ul>","protected":false},"featured_media":8387,"template":"","meta":[],"product_cat":[395],"product_tag":[],"_links":{"self":[{"href":"https:\/\/secby.co.il\/fr\/wp-json\/wp\/v2\/product\/7833"}],"collection":[{"href":"https:\/\/secby.co.il\/fr\/wp-json\/wp\/v2\/product"}],"about":[{"href":"https:\/\/secby.co.il\/fr\/wp-json\/wp\/v2\/types\/product"}],"wp:featuredmedia":[{"embeddable":true,"href":"https:\/\/secby.co.il\/fr\/wp-json\/wp\/v2\/media\/8387"}],"wp:attachment":[{"href":"https:\/\/secby.co.il\/fr\/wp-json\/wp\/v2\/media?parent=7833"}],"wp:term":[{"taxonomy":"product_cat","embeddable":true,"href":"https:\/\/secby.co.il\/fr\/wp-json\/wp\/v2\/product_cat?post=7833"},{"taxonomy":"product_tag","embeddable":true,"href":"https:\/\/secby.co.il\/fr\/wp-json\/wp\/v2\/product_tag?post=7833"}],"curies":[{"name":"wp","href":"https:\/\/api.w.org\/{rel}","templated":true}]}}