{"id":7891,"date":"2021-01-18T14:18:18","date_gmt":"2021-01-18T14:18:18","guid":{"rendered":"https:\/\/secby.co.il\/boutique\/import-placeholder-for-2488\/"},"modified":"2021-11-23T14:53:51","modified_gmt":"2021-11-23T14:53:51","slug":"%d7%9b%d7%a8%d7%98%d7%99%d7%a1-%d7%a8%d7%a9%d7%aa-%d7%a2%d7%9d-%d7%9e%d7%90%d7%a8%d7%99%d7%9a-dual-band150mbps-450-mbpsew-7811uac","status":"publish","type":"product","link":"https:\/\/secby.co.il\/fr\/\u05d7\u05e0\u05d5\u05ea\/%d7%9b%d7%a8%d7%98%d7%99%d7%a1-%d7%a8%d7%a9%d7%aa-%d7%a2%d7%9d-%d7%9e%d7%90%d7%a8%d7%99%d7%9a-dual-band150mbps-450-mbpsew-7811uac\/","title":{"rendered":"\u05db\u05e8\u05d8\u05d9\u05e1 \u05e8\u05e9\u05ea  \u05e2\u05dd \u05de\u05d0\u05e8\u05d9\u05da DUAL BAND150Mbps\/450 Mbps <br \/><p style=\"font-size:12px\">EW-7811UAC<\/p>"},"content":{"rendered":"","protected":false},"excerpt":{"rendered":"<ul>\n<li>Marque: EDIMAX<\/li>\n<li>Carte r\u00e9seau sans fil connexion USB<\/li>\n<li>AC600 norme<\/li>\n<li>Supporte deux fr\u00e9quences simultan\u00e9ment jusqu'\u00e0 150 Mbps \u00e0 la fr\u00e9quence de 2,4 GHz (5dBi) et 450 Mbps fr\u00e9quence 5GHz (7dBi)<\/li>\n<\/ul>","protected":false},"featured_media":4100,"template":"","meta":[],"product_cat":[398],"product_tag":[],"_links":{"self":[{"href":"https:\/\/secby.co.il\/fr\/wp-json\/wp\/v2\/product\/7891"}],"collection":[{"href":"https:\/\/secby.co.il\/fr\/wp-json\/wp\/v2\/product"}],"about":[{"href":"https:\/\/secby.co.il\/fr\/wp-json\/wp\/v2\/types\/product"}],"wp:featuredmedia":[{"embeddable":true,"href":"https:\/\/secby.co.il\/fr\/wp-json\/wp\/v2\/media\/4100"}],"wp:attachment":[{"href":"https:\/\/secby.co.il\/fr\/wp-json\/wp\/v2\/media?parent=7891"}],"wp:term":[{"taxonomy":"product_cat","embeddable":true,"href":"https:\/\/secby.co.il\/fr\/wp-json\/wp\/v2\/product_cat?post=7891"},{"taxonomy":"product_tag","embeddable":true,"href":"https:\/\/secby.co.il\/fr\/wp-json\/wp\/v2\/product_tag?post=7891"}],"curies":[{"name":"wp","href":"https:\/\/api.w.org\/{rel}","templated":true}]}}