{"id":7899,"date":"2021-01-18T14:18:20","date_gmt":"2021-01-18T14:18:20","guid":{"rendered":"https:\/\/secby.co.il\/boutique\/import-placeholder-for-2474\/"},"modified":"2021-11-23T14:47:53","modified_gmt":"2021-11-23T14:47:53","slug":"%d7%90%d7%a8%d7%91%d7%a2-%d7%9e%d7%95%d7%a6%d7%a8%d7%99%d7%9d-%d7%91%d7%9e%d7%9b%d7%a9%d7%99%d7%a8-%d7%90%d7%97%d7%93%d7%a8%d7%90%d7%95%d7%98%d7%a8-%d7%90%d7%a7%d7%a1%d7%a1-%d7%a4%d7%95%d7%99%d7%a0","status":"publish","type":"product","link":"https:\/\/secby.co.il\/fr\/\u05d7\u05e0\u05d5\u05ea\/%d7%90%d7%a8%d7%91%d7%a2-%d7%9e%d7%95%d7%a6%d7%a8%d7%99%d7%9d-%d7%91%d7%9e%d7%9b%d7%a9%d7%99%d7%a8-%d7%90%d7%97%d7%93%d7%a8%d7%90%d7%95%d7%98%d7%a8-%d7%90%d7%a7%d7%a1%d7%a1-%d7%a4%d7%95%d7%99%d7%a0\/","title":{"rendered":"\u05d0\u05e8\u05d1\u05e2 \u05de\u05d5\u05e6\u05e8\u05d9\u05dd \u05d1\u05de\u05db\u05e9\u05d9\u05e8 \u05d0\u05d7\u05d3(\u05e8\u05d0\u05d5\u05d8\u05e8\/\u05d0\u05e7\u05e1\u05e1 \u05e4\u05d5\u05d9\u05e0\u05d8\/\u05de\u05d2\u05d3\u05d9\u05dc \u05d8\u05d5\u05d5\u05d7\/\u05d5\u05d5\u05d9\u05e1\u05e4) <br \/><p style=\"font-size:12px\">BR-6476AC<\/p>"},"content":{"rendered":"","protected":false},"excerpt":{"rendered":"<ul>\n<li><span>Quatre produits dans un seul appareil:<\/span> router\/ acces point \/ extender \/ bridge <\/li>\n<li>AC1200 norme<\/li>\n<li>Prend en charge deux fr\u00e9quences simultan\u00e9ment jusqu'\u00e0 300 Mbps \u00e0 la fr\u00e9quence de 2,4 GHz et 867 Mbps fr\u00e9quence 5GHz<\/li>\n<li>4 10\/100\/1000 connexions LAN, WAN 10\/100\/1000 connexion r\u00e9seau<\/li>\n<li>Quatre antennes, installation facile via votre smartphone<\/li>\n<\/ul>","protected":false},"featured_media":4097,"template":"","meta":[],"product_cat":[398],"product_tag":[],"_links":{"self":[{"href":"https:\/\/secby.co.il\/fr\/wp-json\/wp\/v2\/product\/7899"}],"collection":[{"href":"https:\/\/secby.co.il\/fr\/wp-json\/wp\/v2\/product"}],"about":[{"href":"https:\/\/secby.co.il\/fr\/wp-json\/wp\/v2\/types\/product"}],"wp:featuredmedia":[{"embeddable":true,"href":"https:\/\/secby.co.il\/fr\/wp-json\/wp\/v2\/media\/4097"}],"wp:attachment":[{"href":"https:\/\/secby.co.il\/fr\/wp-json\/wp\/v2\/media?parent=7899"}],"wp:term":[{"taxonomy":"product_cat","embeddable":true,"href":"https:\/\/secby.co.il\/fr\/wp-json\/wp\/v2\/product_cat?post=7899"},{"taxonomy":"product_tag","embeddable":true,"href":"https:\/\/secby.co.il\/fr\/wp-json\/wp\/v2\/product_tag?post=7899"}],"curies":[{"name":"wp","href":"https:\/\/api.w.org\/{rel}","templated":true}]}}