{"id":7905,"date":"2021-01-18T14:18:21","date_gmt":"2021-01-18T14:18:21","guid":{"rendered":"https:\/\/secby.co.il\/boutique\/import-placeholder-for-2480\/"},"modified":"2021-11-23T14:47:22","modified_gmt":"2021-11-23T14:47:22","slug":"%d7%a8%d7%90%d7%95%d7%98%d7%a8-%d7%90%d7%9c%d7%97%d7%95%d7%98%d7%99%d7%a1%d7%9c%d7%95%d7%9c%d7%90%d7%a8%d7%993g-6408n","status":"publish","type":"product","link":"https:\/\/secby.co.il\/fr\/\u05d7\u05e0\u05d5\u05ea\/%d7%a8%d7%90%d7%95%d7%98%d7%a8-%d7%90%d7%9c%d7%97%d7%95%d7%98%d7%99%d7%a1%d7%9c%d7%95%d7%9c%d7%90%d7%a8%d7%993g-6408n\/","title":{"rendered":"\u05e8\u05d0\u05d5\u05d8\u05e8 \u05d0\u05dc\u05d7\u05d5\u05d8\u05d9\u05e1\u05dc\u05d5\u05dc\u05d0\u05e8\u05d9 <br \/><p style=\"font-size:12px\">3G-6408n<\/p>"},"content":{"rendered":"","protected":false},"excerpt":{"rendered":"<ul>\n<li><span>Marque: <\/span>EDIMAX<\/li>\n<li>Routeur sans fil T\u00e9l\u00e9phone portable <\/li>\n<li>N300 norme<\/li>\n<li>4 10\/100 connexions r\u00e9seau local, deux antennes 3dBi<\/li>\n<li>Entr\u00e9e USB<\/li>\n<li>Peut \u00eatre utilis\u00e9 comme infrastructure de point d'acc\u00e8s ADSL \/ HOT<\/li>\n<\/ul>","protected":false},"featured_media":8349,"template":"","meta":[],"product_cat":[398],"product_tag":[],"_links":{"self":[{"href":"https:\/\/secby.co.il\/fr\/wp-json\/wp\/v2\/product\/7905"}],"collection":[{"href":"https:\/\/secby.co.il\/fr\/wp-json\/wp\/v2\/product"}],"about":[{"href":"https:\/\/secby.co.il\/fr\/wp-json\/wp\/v2\/types\/product"}],"wp:featuredmedia":[{"embeddable":true,"href":"https:\/\/secby.co.il\/fr\/wp-json\/wp\/v2\/media\/8349"}],"wp:attachment":[{"href":"https:\/\/secby.co.il\/fr\/wp-json\/wp\/v2\/media?parent=7905"}],"wp:term":[{"taxonomy":"product_cat","embeddable":true,"href":"https:\/\/secby.co.il\/fr\/wp-json\/wp\/v2\/product_cat?post=7905"},{"taxonomy":"product_tag","embeddable":true,"href":"https:\/\/secby.co.il\/fr\/wp-json\/wp\/v2\/product_tag?post=7905"}],"curies":[{"name":"wp","href":"https:\/\/api.w.org\/{rel}","templated":true}]}}