{"id":7907,"date":"2021-01-18T14:18:21","date_gmt":"2021-01-18T14:18:21","guid":{"rendered":"https:\/\/secby.co.il\/boutique\/import-placeholder-for-2482\/"},"modified":"2021-11-23T14:47:27","modified_gmt":"2021-11-23T14:47:27","slug":"%d7%9e%d7%95%d7%93%d7%9d-%d7%a8%d7%90%d7%95%d7%98%d7%a8-%d7%aa%d7%a7%d7%9f-ac1200-%d7%9e%d7%aa%d7%90%d7%99%d7%9d-%d7%9c%d7%aa%d7%a9%d7%aa%d7%99%d7%aa-%d7%91%d7%96%d7%a7-adsl-vdsl-%d7%a2%d7%93-100","status":"publish","type":"product","link":"https:\/\/secby.co.il\/fr\/\u05d7\u05e0\u05d5\u05ea\/%d7%9e%d7%95%d7%93%d7%9d-%d7%a8%d7%90%d7%95%d7%98%d7%a8-%d7%aa%d7%a7%d7%9f-ac1200-%d7%9e%d7%aa%d7%90%d7%99%d7%9d-%d7%9c%d7%aa%d7%a9%d7%aa%d7%99%d7%aa-%d7%91%d7%96%d7%a7-adsl-vdsl-%d7%a2%d7%93-100\/","title":{"rendered":"\u05de\u05d5\u05d3\u05dd \u05e8\u05d0\u05d5\u05d8\u05e8 \u05ea\u05e7\u05df AC1200 \u05de\u05ea\u05d0\u05d9\u05dd \u05dc\u05ea\u05e9\u05ea\u05d9\u05ea \u05d1\u05d6\u05e7 ADSL\/VDSL \u05e2\u05d3 100 \u05de\u05d2\u05d4. <br \/><p style=\"font-size:12px\">KW62293<\/p>"},"content":{"rendered":"","protected":false},"excerpt":{"rendered":"<ul>\n<li><span>Marque: <\/span>KASDA<\/li>\n<li>Wireless Modem-routeur norme AC1200, fonctionne avec les infrastructures BEZEK jusqu'\u00e0 100 MB.<\/li>\n<li>4 10\/100\/1000 connexions r\u00e9seau local (Go), 4 antennes externes<\/li>\n<li>Prend en charge deux fr\u00e9quences simultan\u00e9ment jusqu'\u00e0 300 Mbps \u00e0 la fr\u00e9quence de 2,4 GHz et 5 GHz 900 Mbps fr\u00e9quence<\/li>\n<li>Supports TR69 commande \u00e0 distance<\/li>\n<li><span>Port USB:<\/span> 2.0 pour le partage de fichiers sur le r\u00e9seau<\/li>\n<\/ul>","protected":false},"featured_media":4110,"template":"","meta":[],"product_cat":[398],"product_tag":[],"_links":{"self":[{"href":"https:\/\/secby.co.il\/fr\/wp-json\/wp\/v2\/product\/7907"}],"collection":[{"href":"https:\/\/secby.co.il\/fr\/wp-json\/wp\/v2\/product"}],"about":[{"href":"https:\/\/secby.co.il\/fr\/wp-json\/wp\/v2\/types\/product"}],"wp:featuredmedia":[{"embeddable":true,"href":"https:\/\/secby.co.il\/fr\/wp-json\/wp\/v2\/media\/4110"}],"wp:attachment":[{"href":"https:\/\/secby.co.il\/fr\/wp-json\/wp\/v2\/media?parent=7907"}],"wp:term":[{"taxonomy":"product_cat","embeddable":true,"href":"https:\/\/secby.co.il\/fr\/wp-json\/wp\/v2\/product_cat?post=7907"},{"taxonomy":"product_tag","embeddable":true,"href":"https:\/\/secby.co.il\/fr\/wp-json\/wp\/v2\/product_tag?post=7907"}],"curies":[{"name":"wp","href":"https:\/\/api.w.org\/{rel}","templated":true}]}}