{"id":7913,"date":"2021-01-18T14:18:23","date_gmt":"2021-01-18T14:18:23","guid":{"rendered":"https:\/\/secby.co.il\/boutique\/import-placeholder-for-2716\/"},"modified":"2021-11-23T14:45:53","modified_gmt":"2021-11-23T14:45:53","slug":"%d7%a9%d7%95%d7%a4%d7%a8-%d7%9e%d7%a7%d7%a6%d7%95%d7%a2%d7%99pr-hs30w","status":"publish","type":"product","link":"https:\/\/secby.co.il\/fr\/\u05d7\u05e0\u05d5\u05ea\/%d7%a9%d7%95%d7%a4%d7%a8-%d7%9e%d7%a7%d7%a6%d7%95%d7%a2%d7%99pr-hs30w\/","title":{"rendered":"\u05e9\u05d5\u05e4\u05e8 \u05de\u05e7\u05e6\u05d5\u05e2\u05d9 <br \/><p style=\"font-size:12px\">PR-HS30W<\/p>"},"content":{"rendered":"","protected":false},"excerpt":{"rendered":"<ul>\n<li>M\u00e9gaphone de 30W qui se connecte \u00e0 la cam\u00e9ra<\/li>\n<li>Permet l'annonce sur la sortie audio de la cam\u00e9ra IP Provision-ISR<\/li>\n<li>Dispose d'un potentiom\u00e8tre pour d\u00e9terminer l'intensit\u00e9 de l'annonce<\/li>\n<li><span>Tension de fonctionnement:<\/span> 12-24 DC<\/li>\n<li>Alimentation incluse dans le package<\/li>\n<li>Annonce via l'interface NVR, navigateur, CMS ou application !!!<\/li>\n<\/ul>","protected":false},"featured_media":8393,"template":"","meta":[],"product_cat":[398],"product_tag":[],"_links":{"self":[{"href":"https:\/\/secby.co.il\/fr\/wp-json\/wp\/v2\/product\/7913"}],"collection":[{"href":"https:\/\/secby.co.il\/fr\/wp-json\/wp\/v2\/product"}],"about":[{"href":"https:\/\/secby.co.il\/fr\/wp-json\/wp\/v2\/types\/product"}],"wp:featuredmedia":[{"embeddable":true,"href":"https:\/\/secby.co.il\/fr\/wp-json\/wp\/v2\/media\/8393"}],"wp:attachment":[{"href":"https:\/\/secby.co.il\/fr\/wp-json\/wp\/v2\/media?parent=7913"}],"wp:term":[{"taxonomy":"product_cat","embeddable":true,"href":"https:\/\/secby.co.il\/fr\/wp-json\/wp\/v2\/product_cat?post=7913"},{"taxonomy":"product_tag","embeddable":true,"href":"https:\/\/secby.co.il\/fr\/wp-json\/wp\/v2\/product_tag?post=7913"}],"curies":[{"name":"wp","href":"https:\/\/api.w.org\/{rel}","templated":true}]}}